{"id":262225,"date":"2024-03-06T12:39:42","date_gmt":"2024-03-06T11:39:42","guid":{"rendered":"https:\/\/megacase.com\/product\/controllercase-rane-four\/"},"modified":"2026-03-26T13:36:41","modified_gmt":"2026-03-26T12:36:41","slug":"controllercase-rane-four","status":"publish","type":"product","link":"https:\/\/megacase.com\/fr\/produit\/controllercase-rane-four\/","title":{"rendered":"Controllercase Rane Four"},"content":{"rendered":"<p>\u00e9tui assorti pour Rane Four<br \/>\nen PVC multiplex de 6,8 mm rev\u00eatu<br \/>\nLa couleur noire<br \/>\nBord en aluminium 22 x 22 mm<br \/>\n4 petits fermoirs papillon<br \/>\n1 poign\u00e9e en cuir<br \/>\n8 boules corners petit<br \/>\n4 pieds en caoutchouc 38 x 20 mm<br \/>\nrembourrage en mousse<br \/>\nEspace pour les c\u00e2bles \u00e0 l&rsquo;arri\u00e8re<br \/>\nL&rsquo;appareil peut \u00eatre actionn\u00e9 dans la partie inf\u00e9rieure,<br \/>\nFabriqu\u00e9 en Allemagne,<br \/>\nDimensions ext\u00e9rieures LxPxH 858 x 585 x 190 mm,<br \/>\nPoids : 8,7 kg<\/p>\n","protected":false},"excerpt":{"rendered":"<p>\u00e9tui assorti pour Rane Four en PVC multiplex de 6,8 mm rev\u00eatu La couleur noire Bord en aluminium 22 x<\/p>\n","protected":false},"featured_media":262210,"template":"","meta":{"_acf_changed":false},"product_brand":[],"product_cat":[13730],"product_tag":[],"class_list":{"0":"post-262225","1":"product","2":"type-product","3":"status-publish","4":"has-post-thumbnail","6":"product_cat-dj-cases-fr","8":"first","9":"instock","10":"taxable","11":"shipping-taxable","12":"purchasable","13":"product-type-simple"},"acf":[],"_links":{"self":[{"href":"https:\/\/megacase.com\/fr\/wp-json\/wp\/v2\/product\/262225","targetHints":{"allow":["GET"]}}],"collection":[{"href":"https:\/\/megacase.com\/fr\/wp-json\/wp\/v2\/product"}],"about":[{"href":"https:\/\/megacase.com\/fr\/wp-json\/wp\/v2\/types\/product"}],"wp:featuredmedia":[{"embeddable":true,"href":"https:\/\/megacase.com\/fr\/wp-json\/wp\/v2\/media\/262210"}],"wp:attachment":[{"href":"https:\/\/megacase.com\/fr\/wp-json\/wp\/v2\/media?parent=262225"}],"wp:term":[{"taxonomy":"product_brand","embeddable":true,"href":"https:\/\/megacase.com\/fr\/wp-json\/wp\/v2\/product_brand?post=262225"},{"taxonomy":"product_cat","embeddable":true,"href":"https:\/\/megacase.com\/fr\/wp-json\/wp\/v2\/product_cat?post=262225"},{"taxonomy":"product_tag","embeddable":true,"href":"https:\/\/megacase.com\/fr\/wp-json\/wp\/v2\/product_tag?post=262225"}],"curies":[{"name":"wp","href":"https:\/\/api.w.org\/{rel}","templated":true}]}}