{"id":262133,"date":"2024-03-06T12:34:08","date_gmt":"2024-03-06T11:34:08","guid":{"rendered":"https:\/\/megacase.com\/product\/pedalcase-blackstar-dept-10-amped-2\/"},"modified":"2026-03-26T13:36:41","modified_gmt":"2026-03-26T12:36:41","slug":"pedalcase-blackstar-dept-10-amped-2","status":"publish","type":"product","link":"https:\/\/megacase.com\/fr\/produit\/pedalcase-blackstar-dept-10-amped-2\/","title":{"rendered":"Pedalcase Blackstar Dept. 10 Amped 2"},"content":{"rendered":"<p>Housse de capot sur mesure pour Blackstar Dept. 10 Amped 2 avec espace pour c\u00e2bles,<br \/>\nen multiplex de 6,8 mm recouvert de r\u00e9sine ph\u00e9nolique,<br \/>\nCouleur marron,<br \/>\nBordure en aluminium 22 x 22 mm,<br \/>\n2 petits fermoirs papillon,<br \/>\n1 poign\u00e9e de valise,<br \/>\n4 pieds en caoutchouc 38 x 10 mm,<br \/>\n8 petits coins boules<br \/>\nL&rsquo;appareil peut \u00eatre utilis\u00e9 dans la partie inf\u00e9rieure,<br \/>\nrembourrage en mousse d&rsquo;au moins 10 mm,<br \/>\nGoulotte de c\u00e2bles derri\u00e8re l&rsquo;appareil<br \/>\nFabriqu\u00e9 en Allemagne<br \/>\nDimensions ext\u00e9rieures environ LxPxH 350x295x145 mm<br \/>\nPoids : 2,9 kg<\/p>\n","protected":false},"excerpt":{"rendered":"<p>Housse de capot sur mesure pour Blackstar Dept. 10 Amped 2 avec espace pour c\u00e2bles, en multiplex de 6,8 mm<\/p>\n","protected":false},"featured_media":262126,"template":"","meta":{"_acf_changed":false},"product_brand":[],"product_cat":[16365],"product_tag":[],"class_list":{"0":"post-262133","1":"product","2":"type-product","3":"status-publish","4":"has-post-thumbnail","6":"product_cat-pedalcase-fr","8":"first","9":"instock","10":"taxable","11":"shipping-taxable","12":"purchasable","13":"product-type-simple"},"acf":[],"_links":{"self":[{"href":"https:\/\/megacase.com\/fr\/wp-json\/wp\/v2\/product\/262133","targetHints":{"allow":["GET"]}}],"collection":[{"href":"https:\/\/megacase.com\/fr\/wp-json\/wp\/v2\/product"}],"about":[{"href":"https:\/\/megacase.com\/fr\/wp-json\/wp\/v2\/types\/product"}],"wp:featuredmedia":[{"embeddable":true,"href":"https:\/\/megacase.com\/fr\/wp-json\/wp\/v2\/media\/262126"}],"wp:attachment":[{"href":"https:\/\/megacase.com\/fr\/wp-json\/wp\/v2\/media?parent=262133"}],"wp:term":[{"taxonomy":"product_brand","embeddable":true,"href":"https:\/\/megacase.com\/fr\/wp-json\/wp\/v2\/product_brand?post=262133"},{"taxonomy":"product_cat","embeddable":true,"href":"https:\/\/megacase.com\/fr\/wp-json\/wp\/v2\/product_cat?post=262133"},{"taxonomy":"product_tag","embeddable":true,"href":"https:\/\/megacase.com\/fr\/wp-json\/wp\/v2\/product_tag?post=262133"}],"curies":[{"name":"wp","href":"https:\/\/api.w.org\/{rel}","templated":true}]}}