{"id":261841,"date":"2024-03-06T11:20:49","date_gmt":"2024-03-06T10:20:49","guid":{"rendered":"https:\/\/megacase.com\/product\/flightcase-2x-stairville-infinite-pixel-250\/"},"modified":"2026-03-26T13:36:42","modified_gmt":"2026-03-26T12:36:42","slug":"flightcase-2x-stairville-infinite-pixel-250","status":"publish","type":"product","link":"https:\/\/megacase.com\/fr\/produit\/flightcase-2x-stairville-infinite-pixel-250\/","title":{"rendered":"Flightcase 2x Stairville Infinite Pixel 250"},"content":{"rendered":"<p>\u00c9tui de poitrine assorti pour 2 Stairville Infinite Pixel 250<br \/>\nen bois multiplex de 6,8 mm recouvert de r\u00e9sine ph\u00e9nolique,<br \/>\nCouleur marron,<br \/>\nBordure aluminium 30&#215;30,<br \/>\n4x coin en L moyen,<br \/>\n4x poign\u00e9e pliante moyenne,<br \/>\n2x Papillon moyen,<br \/>\n2x grande charni\u00e8re de verrouillage,<br \/>\n4x coin boule moyen,<br \/>\n4x coin boule moyen avec coin en L,<br \/>\n4x roulettes pivotantes de 100 mm dont 2 frein\u00e9es,<br \/>\ncompartiment accessoires central de 15 cm de large,<br \/>\nrembourrage en mousse,<br \/>\nFabriqu\u00e9 en Allemagne<br \/>\nDimensions ext\u00e9rieures : LxPxH 865x580x830 mm<br \/>\nPoids 32,8kg<\/p>\n","protected":false},"excerpt":{"rendered":"<p>\u00c9tui de poitrine assorti pour 2 Stairville Infinite Pixel 250 en bois multiplex de 6,8 mm recouvert de r\u00e9sine ph\u00e9nolique,<\/p>\n","protected":false},"featured_media":261838,"template":"","meta":{"_acf_changed":false},"product_brand":[],"product_cat":[16329],"product_tag":[],"class_list":{"0":"post-261841","1":"product","2":"type-product","3":"status-publish","4":"has-post-thumbnail","6":"product_cat-cases-fuer-lichtequipment-fr","8":"first","9":"instock","10":"taxable","11":"shipping-taxable","12":"purchasable","13":"product-type-simple"},"acf":[],"_links":{"self":[{"href":"https:\/\/megacase.com\/fr\/wp-json\/wp\/v2\/product\/261841","targetHints":{"allow":["GET"]}}],"collection":[{"href":"https:\/\/megacase.com\/fr\/wp-json\/wp\/v2\/product"}],"about":[{"href":"https:\/\/megacase.com\/fr\/wp-json\/wp\/v2\/types\/product"}],"wp:featuredmedia":[{"embeddable":true,"href":"https:\/\/megacase.com\/fr\/wp-json\/wp\/v2\/media\/261838"}],"wp:attachment":[{"href":"https:\/\/megacase.com\/fr\/wp-json\/wp\/v2\/media?parent=261841"}],"wp:term":[{"taxonomy":"product_brand","embeddable":true,"href":"https:\/\/megacase.com\/fr\/wp-json\/wp\/v2\/product_brand?post=261841"},{"taxonomy":"product_cat","embeddable":true,"href":"https:\/\/megacase.com\/fr\/wp-json\/wp\/v2\/product_cat?post=261841"},{"taxonomy":"product_tag","embeddable":true,"href":"https:\/\/megacase.com\/fr\/wp-json\/wp\/v2\/product_tag?post=261841"}],"curies":[{"name":"wp","href":"https:\/\/api.w.org\/{rel}","templated":true}]}}