{"id":261653,"date":"2024-03-06T10:29:14","date_gmt":"2024-03-06T09:29:14","guid":{"rendered":"https:\/\/megacase.com\/product\/controllercase-denon-dj-sc-live-2\/"},"modified":"2026-03-26T13:36:43","modified_gmt":"2026-03-26T12:36:43","slug":"controllercase-denon-dj-sc-live-2","status":"publish","type":"product","link":"https:\/\/megacase.com\/fr\/produit\/controllercase-denon-dj-sc-live-2\/","title":{"rendered":"Controllercase Denon DJ SC Live 2"},"content":{"rendered":"<p>Bo\u00eetier du contr\u00f4leur Denon DJ SC Live 2<br \/>\nen r\u00e9sine ph\u00e9nolique multiplex de 6,8 mm rev\u00eatue,<br \/>\nCouleur marron,<br \/>\nChant aluminium 22 x 22 mm,<br \/>\n4 petits fermoirs papillon,<br \/>\n1 poign\u00e9e en cuir,<br \/>\n8 coins boules petits,<br \/>\n4 pieds en caoutchouc 38 x 10 mm,<br \/>\nEspace de 12 mm \u00e0 l&rsquo;arri\u00e8re pour les c\u00e2bles et connexions,<br \/>\nrembourrage en mousse assorti<br \/>\nDimensions ext\u00e9rieures LxPxH 730x555x170 mm<br \/>\npoids : 7 kg<br \/>\nFabriqu\u00e9 en Allemagne<\/p>\n","protected":false},"excerpt":{"rendered":"<p>Bo\u00eetier du contr\u00f4leur Denon DJ SC Live 2 en r\u00e9sine ph\u00e9nolique multiplex de 6,8 mm rev\u00eatue, Couleur marron, Chant aluminium<\/p>\n","protected":false},"featured_media":261634,"template":"","meta":{"_acf_changed":false},"product_brand":[],"product_cat":[13730],"product_tag":[],"class_list":{"0":"post-261653","1":"product","2":"type-product","3":"status-publish","4":"has-post-thumbnail","6":"product_cat-dj-cases-fr","8":"first","9":"instock","10":"taxable","11":"shipping-taxable","12":"purchasable","13":"product-type-simple"},"acf":[],"_links":{"self":[{"href":"https:\/\/megacase.com\/fr\/wp-json\/wp\/v2\/product\/261653","targetHints":{"allow":["GET"]}}],"collection":[{"href":"https:\/\/megacase.com\/fr\/wp-json\/wp\/v2\/product"}],"about":[{"href":"https:\/\/megacase.com\/fr\/wp-json\/wp\/v2\/types\/product"}],"wp:featuredmedia":[{"embeddable":true,"href":"https:\/\/megacase.com\/fr\/wp-json\/wp\/v2\/media\/261634"}],"wp:attachment":[{"href":"https:\/\/megacase.com\/fr\/wp-json\/wp\/v2\/media?parent=261653"}],"wp:term":[{"taxonomy":"product_brand","embeddable":true,"href":"https:\/\/megacase.com\/fr\/wp-json\/wp\/v2\/product_brand?post=261653"},{"taxonomy":"product_cat","embeddable":true,"href":"https:\/\/megacase.com\/fr\/wp-json\/wp\/v2\/product_cat?post=261653"},{"taxonomy":"product_tag","embeddable":true,"href":"https:\/\/megacase.com\/fr\/wp-json\/wp\/v2\/product_tag?post=261653"}],"curies":[{"name":"wp","href":"https:\/\/api.w.org\/{rel}","templated":true}]}}