{"id":261501,"date":"2024-03-06T10:15:49","date_gmt":"2024-03-06T09:15:49","guid":{"rendered":"https:\/\/megacase.com\/product\/flightcase-stairville-fs-x350-led-spot\/"},"modified":"2026-03-26T13:36:44","modified_gmt":"2026-03-26T12:36:44","slug":"flightcase-stairville-fs-x350-led-spot","status":"publish","type":"product","link":"https:\/\/megacase.com\/fr\/produit\/flightcase-stairville-fs-x350-led-spot\/","title":{"rendered":"Flightcase Stairville FS-X350 LED Spot"},"content":{"rendered":"<p>mallette de transport adapt\u00e9e pour un projecteur de poursuite \u00e0 LED Stairville FS-x350,<br \/>\nen r\u00e9sine ph\u00e9nolique multiplex de 6,8 mm rev\u00eatue,<br \/>\nCouleur marron,<br \/>\nChant aluminium 30 x 30 mm,<br \/>\n2 fermoirs papillon moyen,<br \/>\n2 poign\u00e9es rabattables moyennes,<br \/>\n2 charni\u00e8res verrouillables moyennes,<br \/>\n8 boules corners moyennes,<br \/>\nrembourrage en mousse,<br \/>\nFabriqu\u00e9 en Allemagne,<br \/>\nDimensions ext\u00e9rieures LxPxH environ 760 x 335 x 345 mm,<br \/>\nPoids environ 9,2 kg<\/p>\n","protected":false},"excerpt":{"rendered":"<p>mallette de transport adapt\u00e9e pour un projecteur de poursuite \u00e0 LED Stairville FS-x350, en r\u00e9sine ph\u00e9nolique multiplex de 6,8 mm<\/p>\n","protected":false},"featured_media":261490,"template":"","meta":{"_acf_changed":false},"product_brand":[],"product_cat":[16329],"product_tag":[],"class_list":{"0":"post-261501","1":"product","2":"type-product","3":"status-publish","4":"has-post-thumbnail","6":"product_cat-cases-fuer-lichtequipment-fr","8":"first","9":"instock","10":"taxable","11":"shipping-taxable","12":"purchasable","13":"product-type-simple"},"acf":[],"_links":{"self":[{"href":"https:\/\/megacase.com\/fr\/wp-json\/wp\/v2\/product\/261501","targetHints":{"allow":["GET"]}}],"collection":[{"href":"https:\/\/megacase.com\/fr\/wp-json\/wp\/v2\/product"}],"about":[{"href":"https:\/\/megacase.com\/fr\/wp-json\/wp\/v2\/types\/product"}],"wp:featuredmedia":[{"embeddable":true,"href":"https:\/\/megacase.com\/fr\/wp-json\/wp\/v2\/media\/261490"}],"wp:attachment":[{"href":"https:\/\/megacase.com\/fr\/wp-json\/wp\/v2\/media?parent=261501"}],"wp:term":[{"taxonomy":"product_brand","embeddable":true,"href":"https:\/\/megacase.com\/fr\/wp-json\/wp\/v2\/product_brand?post=261501"},{"taxonomy":"product_cat","embeddable":true,"href":"https:\/\/megacase.com\/fr\/wp-json\/wp\/v2\/product_cat?post=261501"},{"taxonomy":"product_tag","embeddable":true,"href":"https:\/\/megacase.com\/fr\/wp-json\/wp\/v2\/product_tag?post=261501"}],"curies":[{"name":"wp","href":"https:\/\/api.w.org\/{rel}","templated":true}]}}