{"id":261461,"date":"2024-03-06T10:12:49","date_gmt":"2024-03-06T09:12:49","guid":{"rendered":"https:\/\/megacase.com\/product\/flightcase-2x-eurolite-tmh-xb-280-mh-beam\/"},"modified":"2026-03-26T13:36:44","modified_gmt":"2026-03-26T12:36:44","slug":"flightcase-2x-eurolite-tmh-xb-280-mh-beam","status":"publish","type":"product","link":"https:\/\/megacase.com\/fr\/produit\/flightcase-2x-eurolite-tmh-xb-280-mh-beam\/","title":{"rendered":"Flightcase 2x Eurolite TMH XB-280 MH Beam"},"content":{"rendered":"<p>mallette de transport adapt\u00e9e pour 2 lyres Eurolite TMH XB-280,<br \/>\nen r\u00e9sine ph\u00e9nolique multiplex de 6,8 mm rev\u00eatue,<br \/>\nCouleur marron,<br \/>\nChant aluminium 30 x 30 mm,<br \/>\n2 fermoirs papillon moyen,<br \/>\n2 poign\u00e9es rabattables moyennes,<br \/>\n2 charni\u00e8res verrouillables moyennes,<br \/>\n8 boules corners moyennes,<br \/>\n4 roulettes pivotantes dont 2 avec frein,<br \/>\nCompartiment \u00e0 accessoires de 15 cm de large,<br \/>\nrembourrage en mousse,<br \/>\nFabriqu\u00e9 en Allemagne,<br \/>\nDimensions ext\u00e9rieures LxPxH environ 795 x 430 x 755 mm,<br \/>\nPoids environ 26 kg<\/p>\n","protected":false},"excerpt":{"rendered":"<p>mallette de transport adapt\u00e9e pour 2 lyres Eurolite TMH XB-280, en r\u00e9sine ph\u00e9nolique multiplex de 6,8 mm rev\u00eatue, Couleur marron,<\/p>\n","protected":false},"featured_media":261458,"template":"","meta":{"_acf_changed":false},"product_brand":[],"product_cat":[16329],"product_tag":[],"class_list":{"0":"post-261461","1":"product","2":"type-product","3":"status-publish","4":"has-post-thumbnail","6":"product_cat-cases-fuer-lichtequipment-fr","8":"first","9":"instock","10":"taxable","11":"shipping-taxable","12":"purchasable","13":"product-type-simple"},"acf":[],"_links":{"self":[{"href":"https:\/\/megacase.com\/fr\/wp-json\/wp\/v2\/product\/261461","targetHints":{"allow":["GET"]}}],"collection":[{"href":"https:\/\/megacase.com\/fr\/wp-json\/wp\/v2\/product"}],"about":[{"href":"https:\/\/megacase.com\/fr\/wp-json\/wp\/v2\/types\/product"}],"wp:featuredmedia":[{"embeddable":true,"href":"https:\/\/megacase.com\/fr\/wp-json\/wp\/v2\/media\/261458"}],"wp:attachment":[{"href":"https:\/\/megacase.com\/fr\/wp-json\/wp\/v2\/media?parent=261461"}],"wp:term":[{"taxonomy":"product_brand","embeddable":true,"href":"https:\/\/megacase.com\/fr\/wp-json\/wp\/v2\/product_brand?post=261461"},{"taxonomy":"product_cat","embeddable":true,"href":"https:\/\/megacase.com\/fr\/wp-json\/wp\/v2\/product_cat?post=261461"},{"taxonomy":"product_tag","embeddable":true,"href":"https:\/\/megacase.com\/fr\/wp-json\/wp\/v2\/product_tag?post=261461"}],"curies":[{"name":"wp","href":"https:\/\/api.w.org\/{rel}","templated":true}]}}