{"id":261263,"date":"2024-03-06T09:55:10","date_gmt":"2024-03-06T08:55:10","guid":{"rendered":"https:\/\/megacase.com\/product\/pedalcase-boss-rc-600-loop\/"},"modified":"2026-03-26T13:36:46","modified_gmt":"2026-03-26T12:36:46","slug":"pedalcase-boss-rc-600-loop","status":"publish","type":"product","link":"https:\/\/megacase.com\/fr\/produit\/pedalcase-boss-rc-600-loop\/","title":{"rendered":"Pedalcase Boss RC-600 Loop"},"content":{"rendered":"<p>\u00e9tui appropri\u00e9 pour la boucle Boss RC-600,<br \/>\nFabriqu\u00e9 en multiplex de 6,8 mm recouvert de r\u00e9sine ph\u00e9nolique<br \/>\nCouleur marron<br \/>\nBordure en aluminium 22 x 22 mm<br \/>\n2 petits fermoirs papillon<br \/>\n1 poign\u00e9e de valise<br \/>\n8 petits coins boules<br \/>\n4 pieds en caoutchouc 38 x 10 mm<br \/>\nRembourrage en mousse<br \/>\nEspace de 10 cm \u00e0 l&rsquo;arri\u00e8re pour les connexions et les c\u00e2bles<br \/>\nFabriqu\u00e9 en Allemagne<br \/>\nDimensions ext\u00e9rieures LxPxH : environ 500 x 310 x 130 mm<br \/>\nPoids : environ 3,8 kg<\/p>\n","protected":false},"excerpt":{"rendered":"<p>\u00e9tui appropri\u00e9 pour la boucle Boss RC-600, Fabriqu\u00e9 en multiplex de 6,8 mm recouvert de r\u00e9sine ph\u00e9nolique Couleur marron Bordure<\/p>\n","protected":false},"featured_media":261220,"template":"","meta":{"_acf_changed":false},"product_brand":[],"product_cat":[16365],"product_tag":[],"class_list":{"0":"post-261263","1":"product","2":"type-product","3":"status-publish","4":"has-post-thumbnail","6":"product_cat-pedalcase-fr","8":"first","9":"instock","10":"taxable","11":"shipping-taxable","12":"purchasable","13":"product-type-simple"},"acf":[],"_links":{"self":[{"href":"https:\/\/megacase.com\/fr\/wp-json\/wp\/v2\/product\/261263","targetHints":{"allow":["GET"]}}],"collection":[{"href":"https:\/\/megacase.com\/fr\/wp-json\/wp\/v2\/product"}],"about":[{"href":"https:\/\/megacase.com\/fr\/wp-json\/wp\/v2\/types\/product"}],"wp:featuredmedia":[{"embeddable":true,"href":"https:\/\/megacase.com\/fr\/wp-json\/wp\/v2\/media\/261220"}],"wp:attachment":[{"href":"https:\/\/megacase.com\/fr\/wp-json\/wp\/v2\/media?parent=261263"}],"wp:term":[{"taxonomy":"product_brand","embeddable":true,"href":"https:\/\/megacase.com\/fr\/wp-json\/wp\/v2\/product_brand?post=261263"},{"taxonomy":"product_cat","embeddable":true,"href":"https:\/\/megacase.com\/fr\/wp-json\/wp\/v2\/product_cat?post=261263"},{"taxonomy":"product_tag","embeddable":true,"href":"https:\/\/megacase.com\/fr\/wp-json\/wp\/v2\/product_tag?post=261263"}],"curies":[{"name":"wp","href":"https:\/\/api.w.org\/{rel}","templated":true}]}}