{"id":261114,"date":"2024-03-06T09:41:36","date_gmt":"2024-03-06T08:41:36","guid":{"rendered":"https:\/\/megacase.com\/product\/studio-dj-table-1500-oak\/"},"modified":"2026-03-26T13:36:47","modified_gmt":"2026-03-26T12:36:47","slug":"studio-dj-table-1500-oak","status":"publish","type":"product","link":"https:\/\/megacase.com\/fr\/produit\/studio-dj-table-1500-oak\/","title":{"rendered":"Studio DJ Table 1500 oak"},"content":{"rendered":"<p>Table \u00e0 monter soi-m\u00eame<br \/>\nTable DJ d&rsquo;une largeur de 1500mm,<br \/>\nadapt\u00e9 pour 2 platines et un mixeur,<br \/>\nMat\u00e9riau : panneau d\u00e9coratif de meuble de 19 mm.<br \/>\nCouleur : d\u00e9cor ch\u00eane,<br \/>\nDimensions de l&rsquo;\u00e9tag\u00e8re 1500 x 450 mm,<br \/>\nEntr\u00e9e de c\u00e2ble avec caches au milieu,<br \/>\nDimensions ext\u00e9rieures de la table assembl\u00e9e (L x P x H) : 1500 x 450 x 900 mm,<br \/>\nHauteur de travail : 900 mm,<br \/>\nPoids : kg, 35,5 kg,<br \/>\ny compris le jeu de vis,<br \/>\nfabriqu\u00e9 en Allemagne,<\/p>\n","protected":false},"excerpt":{"rendered":"<p>Table \u00e0 monter soi-m\u00eame Table DJ d&rsquo;une largeur de 1500mm, adapt\u00e9 pour 2 platines et un mixeur, Mat\u00e9riau : panneau<\/p>\n","protected":false},"featured_media":261111,"template":"","meta":{"_acf_changed":false},"product_brand":[],"product_cat":[13730,16388],"product_tag":[],"class_list":{"0":"post-261114","1":"product","2":"type-product","3":"status-publish","4":"has-post-thumbnail","6":"product_cat-dj-cases-fr","7":"product_cat-studio-equipment-fr","9":"first","10":"instock","11":"taxable","12":"shipping-taxable","13":"purchasable","14":"product-type-simple"},"acf":[],"_links":{"self":[{"href":"https:\/\/megacase.com\/fr\/wp-json\/wp\/v2\/product\/261114","targetHints":{"allow":["GET"]}}],"collection":[{"href":"https:\/\/megacase.com\/fr\/wp-json\/wp\/v2\/product"}],"about":[{"href":"https:\/\/megacase.com\/fr\/wp-json\/wp\/v2\/types\/product"}],"wp:featuredmedia":[{"embeddable":true,"href":"https:\/\/megacase.com\/fr\/wp-json\/wp\/v2\/media\/261111"}],"wp:attachment":[{"href":"https:\/\/megacase.com\/fr\/wp-json\/wp\/v2\/media?parent=261114"}],"wp:term":[{"taxonomy":"product_brand","embeddable":true,"href":"https:\/\/megacase.com\/fr\/wp-json\/wp\/v2\/product_brand?post=261114"},{"taxonomy":"product_cat","embeddable":true,"href":"https:\/\/megacase.com\/fr\/wp-json\/wp\/v2\/product_cat?post=261114"},{"taxonomy":"product_tag","embeddable":true,"href":"https:\/\/megacase.com\/fr\/wp-json\/wp\/v2\/product_tag?post=261114"}],"curies":[{"name":"wp","href":"https:\/\/api.w.org\/{rel}","templated":true}]}}