{"id":261066,"date":"2024-03-06T08:49:58","date_gmt":"2024-03-06T07:49:58","guid":{"rendered":"https:\/\/megacase.com\/product\/flightcase-rode-rodecaster-pro-ii\/"},"modified":"2026-03-26T13:36:47","modified_gmt":"2026-03-26T12:36:47","slug":"flightcase-rode-rodecaster-pro-ii","status":"publish","type":"product","link":"https:\/\/megacase.com\/fr\/produit\/flightcase-rode-rodecaster-pro-ii\/","title":{"rendered":"Flightcase Rode Rodecaster Pro II"},"content":{"rendered":"<p>Housse de capot assortie pour Rode Rodecaster Pro II,<br \/>\nen plastique polyboard de 6,5 mm,<br \/>\nLa couleur noire,<br \/>\nChant aluminium 22&#215;22 mm,<br \/>\n2 petits fermoirs papillon,<br \/>\n2 poign\u00e9es de valise,<br \/>\n8 coins boules,<br \/>\n4 pieds en caoutchouc 38 x 10 mm,<br \/>\nrembourrage en mousse,<br \/>\nL&rsquo;appareil peut \u00eatre actionn\u00e9 dans la partie inf\u00e9rieure,<br \/>\nFabriqu\u00e9 en Allemagne,<br \/>\nDimensions ext\u00e9rieures LxPxH : environ 380x425x146 mm,<br \/>\nPoids : environ 4,2 kg<\/p>\n","protected":false},"excerpt":{"rendered":"<p>Housse de capot assortie pour Rode Rodecaster Pro II, en plastique polyboard de 6,5 mm, La couleur noire, Chant aluminium<\/p>\n","protected":false},"featured_media":261051,"template":"","meta":{"_acf_changed":false},"product_brand":[],"product_cat":[16391],"product_tag":[],"class_list":{"0":"post-261066","1":"product","2":"type-product","3":"status-publish","4":"has-post-thumbnail","6":"product_cat-recording-cases-fr","8":"first","9":"instock","10":"taxable","11":"shipping-taxable","12":"purchasable","13":"product-type-simple"},"acf":[],"_links":{"self":[{"href":"https:\/\/megacase.com\/fr\/wp-json\/wp\/v2\/product\/261066","targetHints":{"allow":["GET"]}}],"collection":[{"href":"https:\/\/megacase.com\/fr\/wp-json\/wp\/v2\/product"}],"about":[{"href":"https:\/\/megacase.com\/fr\/wp-json\/wp\/v2\/types\/product"}],"wp:featuredmedia":[{"embeddable":true,"href":"https:\/\/megacase.com\/fr\/wp-json\/wp\/v2\/media\/261051"}],"wp:attachment":[{"href":"https:\/\/megacase.com\/fr\/wp-json\/wp\/v2\/media?parent=261066"}],"wp:term":[{"taxonomy":"product_brand","embeddable":true,"href":"https:\/\/megacase.com\/fr\/wp-json\/wp\/v2\/product_brand?post=261066"},{"taxonomy":"product_cat","embeddable":true,"href":"https:\/\/megacase.com\/fr\/wp-json\/wp\/v2\/product_cat?post=261066"},{"taxonomy":"product_tag","embeddable":true,"href":"https:\/\/megacase.com\/fr\/wp-json\/wp\/v2\/product_tag?post=261066"}],"curies":[{"name":"wp","href":"https:\/\/api.w.org\/{rel}","templated":true}]}}