{"id":260886,"date":"2024-03-06T08:38:45","date_gmt":"2024-03-06T07:38:45","guid":{"rendered":"https:\/\/megacase.com\/product\/studio-siderack-xl-10u-maple\/"},"modified":"2026-03-26T13:36:48","modified_gmt":"2026-03-26T12:36:48","slug":"studio-siderack-xl-10u-maple","status":"publish","type":"product","link":"https:\/\/megacase.com\/fr\/produit\/studio-siderack-xl-10u-maple\/","title":{"rendered":"Studio Siderack XL 10U maple"},"content":{"rendered":"<p>Rack lat\u00e9ral 10U \u00e0 monter soi-m\u00eame<br \/>\n10 U de hauteur utile en haut en biais,<br \/>\n3 U de hauteur utile droit en bas,<br \/>\n13 HE hauteur utile \u00e0 l&rsquo;arri\u00e8re, kit \u00e0 monter soi-m\u00eame<br \/>\nprofondeur d&rsquo;installation d&rsquo;au moins 34 cm (voir photos pour les dimensions),<br \/>\nMat\u00e9riau : panneau d\u00e9coratif de meuble de 19 mm.<br \/>\nrails de support continus,<br \/>\nroulettes verrouillables,<br \/>\nPoids : 16,7kg,<br \/>\nDimensions (L x H x P) : 54 x 70 x 62 cm,<br \/>\nCouleur: d\u00e9cor \u00e9rable,<br \/>\ny compris le jeu de vis,<br \/>\nFabriqu\u00e9 en Allemagne<\/p>\n","protected":false},"excerpt":{"rendered":"<p>Rack lat\u00e9ral 10U \u00e0 monter soi-m\u00eame 10 U de hauteur utile en haut en biais, 3 U de hauteur utile<\/p>\n","protected":false},"featured_media":260883,"template":"","meta":{"_acf_changed":false},"product_brand":[],"product_cat":[16388],"product_tag":[],"class_list":{"0":"post-260886","1":"product","2":"type-product","3":"status-publish","4":"has-post-thumbnail","6":"product_cat-studio-equipment-fr","8":"first","9":"instock","10":"taxable","11":"shipping-taxable","12":"purchasable","13":"product-type-simple"},"acf":[],"_links":{"self":[{"href":"https:\/\/megacase.com\/fr\/wp-json\/wp\/v2\/product\/260886","targetHints":{"allow":["GET"]}}],"collection":[{"href":"https:\/\/megacase.com\/fr\/wp-json\/wp\/v2\/product"}],"about":[{"href":"https:\/\/megacase.com\/fr\/wp-json\/wp\/v2\/types\/product"}],"wp:featuredmedia":[{"embeddable":true,"href":"https:\/\/megacase.com\/fr\/wp-json\/wp\/v2\/media\/260883"}],"wp:attachment":[{"href":"https:\/\/megacase.com\/fr\/wp-json\/wp\/v2\/media?parent=260886"}],"wp:term":[{"taxonomy":"product_brand","embeddable":true,"href":"https:\/\/megacase.com\/fr\/wp-json\/wp\/v2\/product_brand?post=260886"},{"taxonomy":"product_cat","embeddable":true,"href":"https:\/\/megacase.com\/fr\/wp-json\/wp\/v2\/product_cat?post=260886"},{"taxonomy":"product_tag","embeddable":true,"href":"https:\/\/megacase.com\/fr\/wp-json\/wp\/v2\/product_tag?post=260886"}],"curies":[{"name":"wp","href":"https:\/\/api.w.org\/{rel}","templated":true}]}}