{"id":260798,"date":"2024-03-06T08:09:37","date_gmt":"2024-03-06T07:09:37","guid":{"rendered":"https:\/\/megacase.com\/product\/studio-siderack-m-10u-beech\/"},"modified":"2026-03-26T13:36:49","modified_gmt":"2026-03-26T12:36:49","slug":"studio-siderack-m-10u-beech","status":"publish","type":"product","link":"https:\/\/megacase.com\/fr\/produit\/studio-siderack-m-10u-beech\/","title":{"rendered":"Studio Siderack M 10U beech"},"content":{"rendered":"<p>Rack lat\u00e9ral 10U \u00e0 monter soi-m\u00eame<br \/>\nMat\u00e9riau : panneau de meuble m\u00e9lamin\u00e9 de 19 mm,<br \/>\nhauteur utile 10 U,<br \/>\nprofondeur d&rsquo;installation d&rsquo;au moins 27,6 cm (voir photo),<br \/>\nrails de support en continu avec jeu de vis,<br \/>\nAngle de 45 degr\u00e9s,<br \/>\nroulettes verrouillables,<br \/>\nCouleur: h\u00eatre,<br \/>\ny compris le jeu de vis,<br \/>\ninstructions de montage,<br \/>\nFabriqu\u00e9 en Allemagne<br \/>\nDimensions ext\u00e9rieures (L x P x H) : 540 x 570 x 632 mm,<br \/>\nPoids : 12,6 kg,<\/p>\n","protected":false},"excerpt":{"rendered":"<p>Rack lat\u00e9ral 10U \u00e0 monter soi-m\u00eame Mat\u00e9riau : panneau de meuble m\u00e9lamin\u00e9 de 19 mm, hauteur utile 10 U, profondeur<\/p>\n","protected":false},"featured_media":260795,"template":"","meta":{"_acf_changed":false},"product_brand":[],"product_cat":[16388],"product_tag":[],"class_list":{"0":"post-260798","1":"product","2":"type-product","3":"status-publish","4":"has-post-thumbnail","6":"product_cat-studio-equipment-fr","8":"first","9":"instock","10":"taxable","11":"shipping-taxable","12":"purchasable","13":"product-type-simple"},"acf":[],"_links":{"self":[{"href":"https:\/\/megacase.com\/fr\/wp-json\/wp\/v2\/product\/260798","targetHints":{"allow":["GET"]}}],"collection":[{"href":"https:\/\/megacase.com\/fr\/wp-json\/wp\/v2\/product"}],"about":[{"href":"https:\/\/megacase.com\/fr\/wp-json\/wp\/v2\/types\/product"}],"wp:featuredmedia":[{"embeddable":true,"href":"https:\/\/megacase.com\/fr\/wp-json\/wp\/v2\/media\/260795"}],"wp:attachment":[{"href":"https:\/\/megacase.com\/fr\/wp-json\/wp\/v2\/media?parent=260798"}],"wp:term":[{"taxonomy":"product_brand","embeddable":true,"href":"https:\/\/megacase.com\/fr\/wp-json\/wp\/v2\/product_brand?post=260798"},{"taxonomy":"product_cat","embeddable":true,"href":"https:\/\/megacase.com\/fr\/wp-json\/wp\/v2\/product_cat?post=260798"},{"taxonomy":"product_tag","embeddable":true,"href":"https:\/\/megacase.com\/fr\/wp-json\/wp\/v2\/product_tag?post=260798"}],"curies":[{"name":"wp","href":"https:\/\/api.w.org\/{rel}","templated":true}]}}