{"id":260562,"date":"2024-03-05T16:00:50","date_gmt":"2024-03-05T15:00:50","guid":{"rendered":"https:\/\/megacase.com\/product\/mixercase-midas-m32r\/"},"modified":"2026-03-26T13:36:50","modified_gmt":"2026-03-26T12:36:50","slug":"mixercase-midas-m32r","status":"publish","type":"product","link":"https:\/\/megacase.com\/fr\/produit\/mixercase-midas-m32r\/","title":{"rendered":"Mixercase Midas M32R"},"content":{"rendered":"<p>\u00c9tui Live Hood avec rembourrage pour un Midas M 32R (Live)<br \/>\nPanneau poly 6,5 mm noir<br \/>\nBordure en aluminium 30&#215;30 mm<br \/>\nRembourrage en mousse<br \/>\n4 fermoirs papillon \u00e0 ressort moyen<br \/>\n4 poign\u00e9es rabattables<br \/>\nCoins \u00e0 billes en acier<br \/>\nPieds en caoutchouc<br \/>\nGoulotte de c\u00e2bles de 10 cm \u00e0 l&rsquo;arri\u00e8re<br \/>\ntoutes les connexions librement accessibles<br \/>\nL&rsquo;appareil peut \u00eatre utilis\u00e9 depuis la base<br \/>\nDimensions ext\u00e9rieures LxPxH 553x765x310 mm<br \/>\nPoids : 12,3 kg<br \/>\nFabriqu\u00e9 en Allemagne<\/p>\n","protected":false},"excerpt":{"rendered":"<p>\u00c9tui Live Hood avec rembourrage pour un Midas M 32R (Live) Panneau poly 6,5 mm noir Bordure en aluminium 30&#215;30<\/p>\n","protected":false},"featured_media":260551,"template":"","meta":{"_acf_changed":false},"product_brand":[],"product_cat":[13828],"product_tag":[],"class_list":{"0":"post-260562","1":"product","2":"type-product","3":"status-publish","4":"has-post-thumbnail","6":"product_cat-mischpult-cases-fr","8":"first","9":"instock","10":"taxable","11":"shipping-taxable","12":"purchasable","13":"product-type-simple"},"acf":[],"_links":{"self":[{"href":"https:\/\/megacase.com\/fr\/wp-json\/wp\/v2\/product\/260562","targetHints":{"allow":["GET"]}}],"collection":[{"href":"https:\/\/megacase.com\/fr\/wp-json\/wp\/v2\/product"}],"about":[{"href":"https:\/\/megacase.com\/fr\/wp-json\/wp\/v2\/types\/product"}],"wp:featuredmedia":[{"embeddable":true,"href":"https:\/\/megacase.com\/fr\/wp-json\/wp\/v2\/media\/260551"}],"wp:attachment":[{"href":"https:\/\/megacase.com\/fr\/wp-json\/wp\/v2\/media?parent=260562"}],"wp:term":[{"taxonomy":"product_brand","embeddable":true,"href":"https:\/\/megacase.com\/fr\/wp-json\/wp\/v2\/product_brand?post=260562"},{"taxonomy":"product_cat","embeddable":true,"href":"https:\/\/megacase.com\/fr\/wp-json\/wp\/v2\/product_cat?post=260562"},{"taxonomy":"product_tag","embeddable":true,"href":"https:\/\/megacase.com\/fr\/wp-json\/wp\/v2\/product_tag?post=260562"}],"curies":[{"name":"wp","href":"https:\/\/api.w.org\/{rel}","templated":true}]}}