{"id":260500,"date":"2024-03-05T15:41:42","date_gmt":"2024-03-05T14:41:42","guid":{"rendered":"https:\/\/megacase.com\/product\/flightcase-denon-dj-sc6000m-prime-2\/"},"modified":"2026-03-26T13:36:51","modified_gmt":"2026-03-26T12:36:51","slug":"flightcase-denon-dj-sc6000m-prime-2","status":"publish","type":"product","link":"https:\/\/megacase.com\/fr\/produit\/flightcase-denon-dj-sc6000m-prime-2\/","title":{"rendered":"Flightcase Denon DJ SC6000M Prime"},"content":{"rendered":"<p>Petit bo\u00eetier robuste pour lecteur multim\u00e9dia Denon DJ SC6000M Prime<br \/>\nFabriqu\u00e9 en polyboard noir de 6,5 mm<br \/>\nBordure en aluminium 25&#215;25 mm<br \/>\n2 fermoirs papillon<br \/>\n1 poign\u00e9e en cuir r\u00e9plique<br \/>\n4 pieds en caoutchouc 38&#215;20<br \/>\nRembourrage en mousse dans la base et le couvercle<br \/>\nJouable dans l&rsquo;\u00e9tui<br \/>\n8 coins \u00e0 billes en acier<br \/>\nFabriqu\u00e9 en Allemagne<br \/>\nDimensions ext\u00e9rieures LxPxH 395x580x240 mm<br \/>\nPoids : 6,7 kg<br \/>\nFabriqu\u00e9 en Allemagne<\/p>\n","protected":false},"excerpt":{"rendered":"<p>Petit bo\u00eetier robuste pour lecteur multim\u00e9dia Denon DJ SC6000M Prime Fabriqu\u00e9 en polyboard noir de 6,5 mm Bordure en aluminium<\/p>\n","protected":false},"featured_media":260493,"template":"","meta":{"_acf_changed":false},"product_brand":[],"product_cat":[13730],"product_tag":[],"class_list":{"0":"post-260500","1":"product","2":"type-product","3":"status-publish","4":"has-post-thumbnail","6":"product_cat-dj-cases-fr","8":"first","9":"instock","10":"taxable","11":"shipping-taxable","12":"purchasable","13":"product-type-simple"},"acf":[],"_links":{"self":[{"href":"https:\/\/megacase.com\/fr\/wp-json\/wp\/v2\/product\/260500","targetHints":{"allow":["GET"]}}],"collection":[{"href":"https:\/\/megacase.com\/fr\/wp-json\/wp\/v2\/product"}],"about":[{"href":"https:\/\/megacase.com\/fr\/wp-json\/wp\/v2\/types\/product"}],"wp:featuredmedia":[{"embeddable":true,"href":"https:\/\/megacase.com\/fr\/wp-json\/wp\/v2\/media\/260493"}],"wp:attachment":[{"href":"https:\/\/megacase.com\/fr\/wp-json\/wp\/v2\/media?parent=260500"}],"wp:term":[{"taxonomy":"product_brand","embeddable":true,"href":"https:\/\/megacase.com\/fr\/wp-json\/wp\/v2\/product_brand?post=260500"},{"taxonomy":"product_cat","embeddable":true,"href":"https:\/\/megacase.com\/fr\/wp-json\/wp\/v2\/product_cat?post=260500"},{"taxonomy":"product_tag","embeddable":true,"href":"https:\/\/megacase.com\/fr\/wp-json\/wp\/v2\/product_tag?post=260500"}],"curies":[{"name":"wp","href":"https:\/\/api.w.org\/{rel}","templated":true}]}}