{"id":260232,"date":"2024-03-05T15:21:29","date_gmt":"2024-03-05T14:21:29","guid":{"rendered":"https:\/\/megacase.com\/product\/case-for-fire-extinguishers\/"},"modified":"2026-03-26T13:36:51","modified_gmt":"2026-03-26T12:36:51","slug":"case-for-fire-extinguishers","status":"publish","type":"product","link":"https:\/\/megacase.com\/fr\/produit\/case-for-fire-extinguishers\/","title":{"rendered":"Case for Fire Extinguishers"},"content":{"rendered":"<p>convient aux extincteurs de 6 litres, par ex. de la soci\u00e9t\u00e9 Protex<br \/>\nRev\u00eatement multiplex de 6,8 mm,<br \/>\nCouleur rouge,<br \/>\nBordure en aluminium 30x30mm,<br \/>\n1 Butterfly medium V4 demi coud\u00e9,<br \/>\n1 charni\u00e8re verrouillable,<br \/>\n2 charni\u00e8res 6 trous,<br \/>\n1 support \u00e0 ciseaux,<br \/>\nRembourrage en mousse sur la base et dans le couvercle,<br \/>\n<span class=\"HwtZe\" lang=\"fr\"><span class=\"jCAhz ChMk0b\"><span class=\"ryNqvb\">impression num\u00e9rique<\/span><\/span><\/span> \u00ab\u00a0Note extincteur sur la face avant,<br \/>\nDimensions int\u00e9rieures environ LxPxH : 240 x 150 x 495 mm,<br \/>\nDimensions ext\u00e9rieures LxPxH 300x215x575 mm<br \/>\nPoids : 5,2 kg,<br \/>\nFabriqu\u00e9 en Allemagne<\/p>\n<p>Remarque : les appareils et instruments pr\u00e9sent\u00e9s le sont uniquement \u00e0 des fins d&rsquo;illustration et ne font pas partie de l&rsquo;offre.<\/p>\n","protected":false},"excerpt":{"rendered":"<p>convient aux extincteurs de 6 litres, par ex. de la soci\u00e9t\u00e9 Protex Rev\u00eatement multiplex de 6,8 mm, Couleur rouge, Bordure<\/p>\n","protected":false},"featured_media":260205,"template":"","meta":{"_acf_changed":false},"product_brand":[],"product_cat":[15042],"product_tag":[],"class_list":{"0":"post-260232","1":"product","2":"type-product","3":"status-publish","4":"has-post-thumbnail","6":"product_cat-non-classifiee","8":"first","9":"instock","10":"taxable","11":"shipping-taxable","12":"purchasable","13":"product-type-simple"},"acf":[],"_links":{"self":[{"href":"https:\/\/megacase.com\/fr\/wp-json\/wp\/v2\/product\/260232","targetHints":{"allow":["GET"]}}],"collection":[{"href":"https:\/\/megacase.com\/fr\/wp-json\/wp\/v2\/product"}],"about":[{"href":"https:\/\/megacase.com\/fr\/wp-json\/wp\/v2\/types\/product"}],"wp:featuredmedia":[{"embeddable":true,"href":"https:\/\/megacase.com\/fr\/wp-json\/wp\/v2\/media\/260205"}],"wp:attachment":[{"href":"https:\/\/megacase.com\/fr\/wp-json\/wp\/v2\/media?parent=260232"}],"wp:term":[{"taxonomy":"product_brand","embeddable":true,"href":"https:\/\/megacase.com\/fr\/wp-json\/wp\/v2\/product_brand?post=260232"},{"taxonomy":"product_cat","embeddable":true,"href":"https:\/\/megacase.com\/fr\/wp-json\/wp\/v2\/product_cat?post=260232"},{"taxonomy":"product_tag","embeddable":true,"href":"https:\/\/megacase.com\/fr\/wp-json\/wp\/v2\/product_tag?post=260232"}],"curies":[{"name":"wp","href":"https:\/\/api.w.org\/{rel}","templated":true}]}}