{"id":260160,"date":"2024-03-05T15:14:01","date_gmt":"2024-03-05T14:14:01","guid":{"rendered":"https:\/\/megacase.com\/product\/case-pioneer-ddj-rzx\/"},"modified":"2026-03-26T13:36:52","modified_gmt":"2026-03-26T12:36:52","slug":"case-pioneer-ddj-rzx","status":"publish","type":"product","link":"https:\/\/megacase.com\/fr\/produit\/case-pioneer-ddj-rzx\/","title":{"rendered":"Case Pioneer DDJ-RZX"},"content":{"rendered":"<p>Pour un contr\u00f4leur Pioneer DDJ-RZX, nous avons construit ce bo\u00eetier trolley multi-fonctionnel.<br \/>\n Un chariot pour ordinateur portable offre suffisamment de place pour l&rsquo;ordinateur portable et la tablette.<br \/>\nGr\u00e2ce aux roulettes d&rsquo;angle, le contr\u00f4leur peut \u00eatre tir\u00e9 confortablement, comme un trolley.<br \/>\nEn bois multiplex de 6,8 mm ;<br \/>\nCouleur noire,<br \/>\nBord en aluminium de 25&#215;25 mm,<br \/>\n4 fermetures papillon,<br \/>\n3 poign\u00e9es rabattables,<br \/>\nCoins en billes d&rsquo;acier,<br \/>\nRembourrage en mousse sur mesure,<br \/>\nChemin de c\u00e2bles env. 10 cm,<br \/>\nGlissi\u00e8re pour ordinateur portable, tablette ou moniteur,<br \/>\nPieds en caoutchouc + bandes antid\u00e9rapantes<br \/>\nRoulettes encastr\u00e9es dans les coins,<br \/>\nTrappe pour les connexions avant,<br \/>\ntous les raccordements sont librement accessibles,<br \/>\nl&rsquo;appareil peut \u00eatre utilis\u00e9 dans l&rsquo;\u00e9tui,<br \/>\nfabriqu\u00e9 en Allemagne,<br \/>\nDimensions ext\u00e9rieures : LxPxH 1100x710x220 mm,<br \/>\npoids env. 21,7 kg<\/p>\n","protected":false},"excerpt":{"rendered":"<p>Pour un contr\u00f4leur Pioneer DDJ-RZX, nous avons construit ce bo\u00eetier trolley multi-fonctionnel. Un chariot pour ordinateur portable offre suffisamment de<\/p>\n","protected":false},"featured_media":260157,"template":"","meta":{"_acf_changed":false},"product_brand":[],"product_cat":[13730],"product_tag":[],"class_list":{"0":"post-260160","1":"product","2":"type-product","3":"status-publish","4":"has-post-thumbnail","6":"product_cat-dj-cases-fr","8":"first","9":"instock","10":"taxable","11":"shipping-taxable","12":"purchasable","13":"product-type-simple"},"acf":[],"_links":{"self":[{"href":"https:\/\/megacase.com\/fr\/wp-json\/wp\/v2\/product\/260160","targetHints":{"allow":["GET"]}}],"collection":[{"href":"https:\/\/megacase.com\/fr\/wp-json\/wp\/v2\/product"}],"about":[{"href":"https:\/\/megacase.com\/fr\/wp-json\/wp\/v2\/types\/product"}],"wp:featuredmedia":[{"embeddable":true,"href":"https:\/\/megacase.com\/fr\/wp-json\/wp\/v2\/media\/260157"}],"wp:attachment":[{"href":"https:\/\/megacase.com\/fr\/wp-json\/wp\/v2\/media?parent=260160"}],"wp:term":[{"taxonomy":"product_brand","embeddable":true,"href":"https:\/\/megacase.com\/fr\/wp-json\/wp\/v2\/product_brand?post=260160"},{"taxonomy":"product_cat","embeddable":true,"href":"https:\/\/megacase.com\/fr\/wp-json\/wp\/v2\/product_cat?post=260160"},{"taxonomy":"product_tag","embeddable":true,"href":"https:\/\/megacase.com\/fr\/wp-json\/wp\/v2\/product_tag?post=260160"}],"curies":[{"name":"wp","href":"https:\/\/api.w.org\/{rel}","templated":true}]}}