{"id":260108,"date":"2024-03-05T15:05:37","date_gmt":"2024-03-05T14:05:37","guid":{"rendered":"https:\/\/megacase.com\/product\/cd-player-case-for-pioneer-xdj-1000\/"},"modified":"2026-03-26T13:36:52","modified_gmt":"2026-03-26T12:36:52","slug":"cd-player-case-for-pioneer-xdj-1000","status":"publish","type":"product","link":"https:\/\/megacase.com\/fr\/produit\/cd-player-case-for-pioneer-xdj-1000\/","title":{"rendered":"CD Player Case for Pioneer XDJ-1000"},"content":{"rendered":"<p>Un \u00e9tui de capot sur mesure pour un Pioneer XDJ-1000<br \/>\nLecteur multim\u00e9dia nouvelle g\u00e9n\u00e9ration.<br \/>\nen bois multiplex de 6,8 mm<br \/>\nRev\u00eatement en r\u00e9sine ph\u00e9nolique marron<br \/>\nChant en aluminium 25&#215;25 mm,<br \/>\nRembourrage en mousse en partie inf\u00e9rieure et sup\u00e9rieure,<br \/>\nespace pour les c\u00e2bles,<br \/>\nL&rsquo;appareil peut \u00eatre utilis\u00e9 dans le cas,<br \/>\n2 fermoirs papillon \u00e0 ressort,<br \/>\n1 poign\u00e9e de valise pliable,<br \/>\nCoins \u00e0 billes en acier moyen,<br \/>\n4 x pieds en caoutchouc,<br \/>\nDimensions ext\u00e9rieures LxPxH 500x390x190 mm,<br \/>\nPoids : environ 5,3 kg<br \/>\navec appareil 8,9 kg<\/p>\n","protected":false},"excerpt":{"rendered":"<p>Un \u00e9tui de capot sur mesure pour un Pioneer XDJ-1000 Lecteur multim\u00e9dia nouvelle g\u00e9n\u00e9ration. en bois multiplex de 6,8 mm<\/p>\n","protected":false},"featured_media":260085,"template":"","meta":{"_acf_changed":false},"product_brand":[],"product_cat":[13730],"product_tag":[],"class_list":{"0":"post-260108","1":"product","2":"type-product","3":"status-publish","4":"has-post-thumbnail","6":"product_cat-dj-cases-fr","8":"first","9":"instock","10":"taxable","11":"shipping-taxable","12":"purchasable","13":"product-type-simple"},"acf":[],"_links":{"self":[{"href":"https:\/\/megacase.com\/fr\/wp-json\/wp\/v2\/product\/260108","targetHints":{"allow":["GET"]}}],"collection":[{"href":"https:\/\/megacase.com\/fr\/wp-json\/wp\/v2\/product"}],"about":[{"href":"https:\/\/megacase.com\/fr\/wp-json\/wp\/v2\/types\/product"}],"wp:featuredmedia":[{"embeddable":true,"href":"https:\/\/megacase.com\/fr\/wp-json\/wp\/v2\/media\/260085"}],"wp:attachment":[{"href":"https:\/\/megacase.com\/fr\/wp-json\/wp\/v2\/media?parent=260108"}],"wp:term":[{"taxonomy":"product_brand","embeddable":true,"href":"https:\/\/megacase.com\/fr\/wp-json\/wp\/v2\/product_brand?post=260108"},{"taxonomy":"product_cat","embeddable":true,"href":"https:\/\/megacase.com\/fr\/wp-json\/wp\/v2\/product_cat?post=260108"},{"taxonomy":"product_tag","embeddable":true,"href":"https:\/\/megacase.com\/fr\/wp-json\/wp\/v2\/product_tag?post=260108"}],"curies":[{"name":"wp","href":"https:\/\/api.w.org\/{rel}","templated":true}]}}