{"id":260080,"date":"2024-03-05T15:00:49","date_gmt":"2024-03-05T14:00:49","guid":{"rendered":"https:\/\/megacase.com\/product\/mikrostativ-case-for-15-stands\/"},"modified":"2026-03-26T13:36:52","modified_gmt":"2026-03-26T12:36:52","slug":"mikrostativ-case-for-15-stands","status":"publish","type":"product","link":"https:\/\/megacase.com\/fr\/produit\/mikrostativ-case-for-15-stands\/","title":{"rendered":"Mikrostativ Case for 15 Stands"},"content":{"rendered":"<p>Flight case professionnel pour tr\u00e9pieds de microphone.<br \/>\nAu total 15 micros et divers accessoires,<br \/>\nConstruit \u00e0 partir de multiplex de 9 mm.<br \/>\nComposants et raccords utilis\u00e9s :<br \/>\nCouleur enduite de noir,<br \/>\nChant en aluminium 35&#215;35 mm,<br \/>\n1 bac d&rsquo;insertion (goulotte) amovible<br \/>\navec 5 compartiments,<br \/>\n6 compartiments sont int\u00e9gr\u00e9s dans la cuve inf\u00e9rieure,<br \/>\n15 tubes en plastique pour tr\u00e9pieds,<br \/>\n4 grands fermoirs papillon \u00e0 ressort,<br \/>\n8 poign\u00e9es rabattables,<br \/>\n2 grands supports de couvercle,<br \/>\n8 coins \u00e0 billes en acier,<br \/>\n4 roulettes pivotantes \u00ab Blue Wheels \u00bb dont 2 avec frein,<br \/>\ncouvercle lat\u00e9ral rembourr\u00e9 de mousse,<br \/>\nCe coffre est \u00e9galement fabriqu\u00e9 en Allemagne,<br \/>\nDimensions ext\u00e9rieures : LxPxH 1325x610x790 mm,<br \/>\nPoids : 87,8 kg,<br \/>\nTr\u00e9pieds adapt\u00e9s par exemple : K&#038;M 260\/1, 210\/2, 25950, 21021, 210\/2, 259 et bien plus encore.<\/p>\n","protected":false},"excerpt":{"rendered":"<p>Flight case professionnel pour tr\u00e9pieds de microphone. Au total 15 micros et divers accessoires, Construit \u00e0 partir de multiplex de<\/p>\n","protected":false},"featured_media":260077,"template":"","meta":{"_acf_changed":false},"product_brand":[],"product_cat":[15043],"product_tag":[],"class_list":{"0":"post-260080","1":"product","2":"type-product","3":"status-publish","4":"has-post-thumbnail","6":"product_cat-uncategorized-de","8":"first","9":"instock","10":"taxable","11":"shipping-taxable","12":"purchasable","13":"product-type-simple"},"acf":[],"_links":{"self":[{"href":"https:\/\/megacase.com\/fr\/wp-json\/wp\/v2\/product\/260080","targetHints":{"allow":["GET"]}}],"collection":[{"href":"https:\/\/megacase.com\/fr\/wp-json\/wp\/v2\/product"}],"about":[{"href":"https:\/\/megacase.com\/fr\/wp-json\/wp\/v2\/types\/product"}],"wp:featuredmedia":[{"embeddable":true,"href":"https:\/\/megacase.com\/fr\/wp-json\/wp\/v2\/media\/260077"}],"wp:attachment":[{"href":"https:\/\/megacase.com\/fr\/wp-json\/wp\/v2\/media?parent=260080"}],"wp:term":[{"taxonomy":"product_brand","embeddable":true,"href":"https:\/\/megacase.com\/fr\/wp-json\/wp\/v2\/product_brand?post=260080"},{"taxonomy":"product_cat","embeddable":true,"href":"https:\/\/megacase.com\/fr\/wp-json\/wp\/v2\/product_cat?post=260080"},{"taxonomy":"product_tag","embeddable":true,"href":"https:\/\/megacase.com\/fr\/wp-json\/wp\/v2\/product_tag?post=260080"}],"curies":[{"name":"wp","href":"https:\/\/api.w.org\/{rel}","templated":true}]}}