{"id":260024,"date":"2024-03-05T14:55:57","date_gmt":"2024-03-05T13:55:57","guid":{"rendered":"https:\/\/megacase.com\/product\/flightcase-yamaha-ql1-wheel\/"},"modified":"2026-03-26T13:36:52","modified_gmt":"2026-03-26T12:36:52","slug":"flightcase-yamaha-ql1-wheel","status":"publish","type":"product","link":"https:\/\/megacase.com\/fr\/produit\/flightcase-yamaha-ql1-wheel\/","title":{"rendered":"Flightcase Yamaha QL1 + wheel"},"content":{"rendered":"<p>Cette valise routi\u00e8re professionnelle a \u00e9t\u00e9 con\u00e7ue pour un usage quotidien sur sc\u00e8ne.<br \/>\nComposants install\u00e9s de tr\u00e8s haute qualit\u00e9 et robustes.<br \/>\nQuai verrouillable pour le Yamaha QL-1,<br \/>\nen 9 mm \u00e0 rev\u00eatement multiplex noir,<br \/>\nBordure en aluminium 30 x 30 mm,<br \/>\nrembourrage en mousse d&rsquo;au moins 20 mm,<br \/>\n4 fermoirs papillon \u00e0 ressort moyen,<br \/>\n6 poign\u00e9es rabattables,<br \/>\ncoins de billes d&rsquo;acier,<br \/>\nbandes antid\u00e9rapantes,<br \/>\n1 autocollant Shockwatch<br \/>\nDockhouse de 15 cm de profondeur \u00e0 l&rsquo;arri\u00e8re,<br \/>\npeint en noir<br \/>\nD\u00e9coupes multic\u0153urs prot\u00e9g\u00e9es contre la poussi\u00e8re \u00e0 gauche et \u00e0 droite<br \/>\n4 roulettes pivotantes dont 2 avec freins<br \/>\nFabriqu\u00e9 en Allemagne,<br \/>\nDimensions ext\u00e9rieures LxPxH 555x947x384 mm<br \/>\nPoids environ 30,5 kg<\/p>\n","protected":false},"excerpt":{"rendered":"<p>Cette valise routi\u00e8re professionnelle a \u00e9t\u00e9 con\u00e7ue pour un usage quotidien sur sc\u00e8ne. Composants install\u00e9s de tr\u00e8s haute qualit\u00e9 et<\/p>\n","protected":false},"featured_media":259973,"template":"","meta":{"_acf_changed":false},"product_brand":[],"product_cat":[13828],"product_tag":[],"class_list":{"0":"post-260024","1":"product","2":"type-product","3":"status-publish","4":"has-post-thumbnail","6":"product_cat-mischpult-cases-fr","8":"first","9":"instock","10":"taxable","11":"shipping-taxable","12":"purchasable","13":"product-type-simple"},"acf":[],"_links":{"self":[{"href":"https:\/\/megacase.com\/fr\/wp-json\/wp\/v2\/product\/260024","targetHints":{"allow":["GET"]}}],"collection":[{"href":"https:\/\/megacase.com\/fr\/wp-json\/wp\/v2\/product"}],"about":[{"href":"https:\/\/megacase.com\/fr\/wp-json\/wp\/v2\/types\/product"}],"wp:featuredmedia":[{"embeddable":true,"href":"https:\/\/megacase.com\/fr\/wp-json\/wp\/v2\/media\/259973"}],"wp:attachment":[{"href":"https:\/\/megacase.com\/fr\/wp-json\/wp\/v2\/media?parent=260024"}],"wp:term":[{"taxonomy":"product_brand","embeddable":true,"href":"https:\/\/megacase.com\/fr\/wp-json\/wp\/v2\/product_brand?post=260024"},{"taxonomy":"product_cat","embeddable":true,"href":"https:\/\/megacase.com\/fr\/wp-json\/wp\/v2\/product_cat?post=260024"},{"taxonomy":"product_tag","embeddable":true,"href":"https:\/\/megacase.com\/fr\/wp-json\/wp\/v2\/product_tag?post=260024"}],"curies":[{"name":"wp","href":"https:\/\/api.w.org\/{rel}","templated":true}]}}