{"id":259958,"date":"2016-05-10T00:00:00","date_gmt":"2016-05-09T22:00:00","guid":{"rendered":"https:\/\/megacase.com\/product\/mixercase-yamaha-mg-16xu-mg-20xu\/"},"modified":"2026-03-26T12:21:36","modified_gmt":"2026-03-26T11:21:36","slug":"mixercase-yamaha-mg-16xu-mg-20xu","status":"publish","type":"product","link":"https:\/\/megacase.com\/fr\/produit\/mixercase-yamaha-mg-16xu-mg-20xu\/","title":{"rendered":"Mixercase Yamaha MG-16XU \/ MG-20XU"},"content":{"rendered":"<p>Flight-case pour Yamaha MG-16 et MG-20 XU,<br \/>\nLe m\u00e9langeur peut \u00eatre connect\u00e9 et utilis\u00e9 dans le bo\u00eetier<br \/>\nFabriqu\u00e9 en bois multiplex de 6,8 mm recouvert de r\u00e9sine ph\u00e9nolique marron<br \/>\nBordure en aluminium 22 x 22 mm,<br \/>\nrembourrage en mousse,<br \/>\n2 fermoirs \u00e0 pression,<br \/>\n2 charni\u00e8res de d\u00e9verrouillage,<br \/>\n1 poign\u00e9e de valise,<br \/>\ncoins de billes d&rsquo;acier,<br \/>\nPieds en caoutchouc<br \/>\nEspace de 9 cm pour les c\u00e2bles \u00e0 l&rsquo;arri\u00e8re<br \/>\nFabriqu\u00e9 en Allemagne<br \/>\nDimensions ext\u00e9rieures environ LxPxH 510 x 645 x 195 mm<br \/>\nPoids environ 6,7 kg<\/p>\n","protected":false},"excerpt":{"rendered":"<p>Flight-case pour Yamaha MG-16 et MG-20 XU, Le m\u00e9langeur peut \u00eatre connect\u00e9 et utilis\u00e9 dans le bo\u00eetier Fabriqu\u00e9 en bois<\/p>\n","protected":false},"featured_media":259951,"template":"","meta":{"_acf_changed":false},"product_brand":[],"product_cat":[13828],"product_tag":[],"class_list":{"0":"post-259958","1":"product","2":"type-product","3":"status-publish","4":"has-post-thumbnail","6":"product_cat-mischpult-cases-fr","8":"first","9":"instock","10":"taxable","11":"shipping-taxable","12":"purchasable","13":"product-type-simple"},"acf":[],"_links":{"self":[{"href":"https:\/\/megacase.com\/fr\/wp-json\/wp\/v2\/product\/259958","targetHints":{"allow":["GET"]}}],"collection":[{"href":"https:\/\/megacase.com\/fr\/wp-json\/wp\/v2\/product"}],"about":[{"href":"https:\/\/megacase.com\/fr\/wp-json\/wp\/v2\/types\/product"}],"wp:featuredmedia":[{"embeddable":true,"href":"https:\/\/megacase.com\/fr\/wp-json\/wp\/v2\/media\/259951"}],"wp:attachment":[{"href":"https:\/\/megacase.com\/fr\/wp-json\/wp\/v2\/media?parent=259958"}],"wp:term":[{"taxonomy":"product_brand","embeddable":true,"href":"https:\/\/megacase.com\/fr\/wp-json\/wp\/v2\/product_brand?post=259958"},{"taxonomy":"product_cat","embeddable":true,"href":"https:\/\/megacase.com\/fr\/wp-json\/wp\/v2\/product_cat?post=259958"},{"taxonomy":"product_tag","embeddable":true,"href":"https:\/\/megacase.com\/fr\/wp-json\/wp\/v2\/product_tag?post=259958"}],"curies":[{"name":"wp","href":"https:\/\/api.w.org\/{rel}","templated":true}]}}