{"id":259935,"date":"2024-03-05T14:49:34","date_gmt":"2024-03-05T13:49:34","guid":{"rendered":"https:\/\/megacase.com\/product\/rack-10u-50-profi-shockmount\/"},"modified":"2026-03-26T13:36:53","modified_gmt":"2026-03-26T12:36:53","slug":"rack-10u-50-profi-shockmount","status":"publish","type":"product","link":"https:\/\/megacase.com\/fr\/produit\/rack-10u-50-profi-shockmount\/","title":{"rendered":"Rack 10U 50 Profi Shockmount"},"content":{"rendered":"<p>Rack Shockmout professionnel 10U avec rails de rack \u00e0 l&rsquo;avant et \u00e0 l&rsquo;arri\u00e8re<br \/>\n1 jeu de tampons (compos\u00e9 de 4 pi\u00e8ces) peut supporter jusqu&rsquo;\u00e0 15 kg<br \/>\ncompos\u00e9 de :<br \/>\n9 mm, rev\u00eatement multiplex noir<br \/>\n10 unit\u00e9s de hauteur<br \/>\nProfondeur utile 50 cm<br \/>\nRails de rack avant et arri\u00e8re<br \/>\nAvec mat\u00e9riel de montage<br \/>\nChaque rail de rack est suspendu individuellement par 5 tampons en caoutchouc<br \/>\nPanneaux lat\u00e9raux en bois pour une meilleure protection des appareils<br \/>\nBordure en aluminium 30&#215;30 mm<br \/>\n8 fermoirs papillon \u00e0 ressort moyen<br \/>\n4 poign\u00e9es rabattables<br \/>\ngrands coins en bille d&rsquo;acier<br \/>\n4 roulettes pivotantes de 100 mm dont 2 avec frein (capacit\u00e9 de charge 450 kg)<br \/>\nFabriqu\u00e9 en Allemagne<br \/>\nDimensions ext\u00e9rieures LxPxH 627x690x710 mm<br \/>\nPoids : 32,5kg<\/p>\n","protected":false},"excerpt":{"rendered":"<p>Rack Shockmout professionnel 10U avec rails de rack \u00e0 l&rsquo;avant et \u00e0 l&rsquo;arri\u00e8re 1 jeu de tampons (compos\u00e9 de 4<\/p>\n","protected":false},"featured_media":259920,"template":"","meta":{"_acf_changed":false},"product_brand":[],"product_cat":[13593],"product_tag":[],"class_list":{"0":"post-259935","1":"product","2":"type-product","3":"status-publish","4":"has-post-thumbnail","6":"product_cat-racks-fr","8":"first","9":"instock","10":"taxable","11":"shipping-taxable","12":"purchasable","13":"product-type-simple"},"acf":[],"_links":{"self":[{"href":"https:\/\/megacase.com\/fr\/wp-json\/wp\/v2\/product\/259935","targetHints":{"allow":["GET"]}}],"collection":[{"href":"https:\/\/megacase.com\/fr\/wp-json\/wp\/v2\/product"}],"about":[{"href":"https:\/\/megacase.com\/fr\/wp-json\/wp\/v2\/types\/product"}],"wp:featuredmedia":[{"embeddable":true,"href":"https:\/\/megacase.com\/fr\/wp-json\/wp\/v2\/media\/259920"}],"wp:attachment":[{"href":"https:\/\/megacase.com\/fr\/wp-json\/wp\/v2\/media?parent=259935"}],"wp:term":[{"taxonomy":"product_brand","embeddable":true,"href":"https:\/\/megacase.com\/fr\/wp-json\/wp\/v2\/product_brand?post=259935"},{"taxonomy":"product_cat","embeddable":true,"href":"https:\/\/megacase.com\/fr\/wp-json\/wp\/v2\/product_cat?post=259935"},{"taxonomy":"product_tag","embeddable":true,"href":"https:\/\/megacase.com\/fr\/wp-json\/wp\/v2\/product_tag?post=259935"}],"curies":[{"name":"wp","href":"https:\/\/api.w.org\/{rel}","templated":true}]}}