{"id":259791,"date":"2024-03-05T14:35:42","date_gmt":"2024-03-05T13:35:42","guid":{"rendered":"https:\/\/megacase.com\/product\/mixer-case-yamaha-mg124-c-cx\/"},"modified":"2026-03-26T13:36:53","modified_gmt":"2026-03-26T12:36:53","slug":"mixer-case-yamaha-mg124-c-cx","status":"publish","type":"product","link":"https:\/\/megacase.com\/fr\/produit\/mixer-case-yamaha-mg124-c-cx\/","title":{"rendered":"Mixer Case Yamaha MG124 C\/CX"},"content":{"rendered":"<p>\u00c9paisseur de 7 mm<br \/>\nProfil\u00e9 aluminium 22 x 22 mm<br \/>\n2x fermetures<br \/>\n1x poign\u00e9e<br \/>\nRembourr\u00e9 de 1 &#8211; 5 cm de mousse<br \/>\nPieds en caoutchouc<br \/>\nDimensions: 405 x 157 x 563 mm<br \/>\nPoids: 5 kg<\/p>\n","protected":false},"excerpt":{"rendered":"<p>\u00c9paisseur de 7 mm Profil\u00e9 aluminium 22 x 22 mm 2x fermetures 1x poign\u00e9e Rembourr\u00e9 de 1 &#8211; 5 cm<\/p>\n","protected":false},"featured_media":259752,"template":"","meta":{"_acf_changed":false},"product_brand":[],"product_cat":[13828],"product_tag":[],"class_list":{"0":"post-259791","1":"product","2":"type-product","3":"status-publish","4":"has-post-thumbnail","6":"product_cat-mischpult-cases-fr","8":"first","9":"instock","10":"taxable","11":"shipping-taxable","12":"purchasable","13":"product-type-simple"},"acf":[],"_links":{"self":[{"href":"https:\/\/megacase.com\/fr\/wp-json\/wp\/v2\/product\/259791","targetHints":{"allow":["GET"]}}],"collection":[{"href":"https:\/\/megacase.com\/fr\/wp-json\/wp\/v2\/product"}],"about":[{"href":"https:\/\/megacase.com\/fr\/wp-json\/wp\/v2\/types\/product"}],"wp:featuredmedia":[{"embeddable":true,"href":"https:\/\/megacase.com\/fr\/wp-json\/wp\/v2\/media\/259752"}],"wp:attachment":[{"href":"https:\/\/megacase.com\/fr\/wp-json\/wp\/v2\/media?parent=259791"}],"wp:term":[{"taxonomy":"product_brand","embeddable":true,"href":"https:\/\/megacase.com\/fr\/wp-json\/wp\/v2\/product_brand?post=259791"},{"taxonomy":"product_cat","embeddable":true,"href":"https:\/\/megacase.com\/fr\/wp-json\/wp\/v2\/product_cat?post=259791"},{"taxonomy":"product_tag","embeddable":true,"href":"https:\/\/megacase.com\/fr\/wp-json\/wp\/v2\/product_tag?post=259791"}],"curies":[{"name":"wp","href":"https:\/\/api.w.org\/{rel}","templated":true}]}}