{"id":259705,"date":"2024-03-05T13:45:21","date_gmt":"2024-03-05T12:45:21","guid":{"rendered":"https:\/\/megacase.com\/product\/flightcase-multicore-120\/"},"modified":"2026-03-26T13:36:54","modified_gmt":"2026-03-26T12:36:54","slug":"flightcase-multicore-120","status":"publish","type":"product","link":"https:\/\/megacase.com\/fr\/produit\/flightcase-multicore-120\/","title":{"rendered":"Flightcase Multicore 120"},"content":{"rendered":"<p>Pour multipaire<br \/>\nEn multiplex de 9 mm<br \/>\nRev\u00eatement ext\u00e9rieur en PVC noir<br \/>\nCorni\u00e8res en aluminium profil\u00e9 35 x 35 x 3 mm<br \/>\nProfil\u00e9s de fermeture m\u00e2le\/femelle<br \/>\nCoins \u00e0 boule<br \/>\n2 fermetures type papillon<br \/>\n2 charni\u00e8res<br \/>\n8 poign\u00e9es rabattables<br \/>\n4 roulettes pivotantes de 100 mm dont 2 avec freins (charge max. 450 kg)<br \/>\n4 cuvettes d&#8217;empilage sur le couvercle<br \/>\nEmplacement pour \u00e9tiquette d&rsquo;indication<br \/>\nDimensions ext\u00e9rieures: 1200 x 650 x 600 mm<br \/>\nHauteur avec roulettes: 800 mm<br \/>\nDimensions int\u00e9rieures: 1150 x 610 x 550 mm<br \/>\nPoids: 47,5 kg<br \/>\nFabriqu\u00e9 en Allemagne<\/p>\n","protected":false},"excerpt":{"rendered":"<p>Pour multipaire En multiplex de 9 mm Rev\u00eatement ext\u00e9rieur en PVC noir Corni\u00e8res en aluminium profil\u00e9 35 x 35 x<\/p>\n","protected":false},"featured_media":259702,"template":"","meta":{"_acf_changed":false},"product_brand":[],"product_cat":[16321],"product_tag":[],"class_list":{"0":"post-259705","1":"product","2":"type-product","3":"status-publish","4":"has-post-thumbnail","6":"product_cat-case-fuer-pa-equipment-fr","8":"first","9":"instock","10":"taxable","11":"shipping-taxable","12":"purchasable","13":"product-type-simple"},"acf":[],"_links":{"self":[{"href":"https:\/\/megacase.com\/fr\/wp-json\/wp\/v2\/product\/259705","targetHints":{"allow":["GET"]}}],"collection":[{"href":"https:\/\/megacase.com\/fr\/wp-json\/wp\/v2\/product"}],"about":[{"href":"https:\/\/megacase.com\/fr\/wp-json\/wp\/v2\/types\/product"}],"wp:featuredmedia":[{"embeddable":true,"href":"https:\/\/megacase.com\/fr\/wp-json\/wp\/v2\/media\/259702"}],"wp:attachment":[{"href":"https:\/\/megacase.com\/fr\/wp-json\/wp\/v2\/media?parent=259705"}],"wp:term":[{"taxonomy":"product_brand","embeddable":true,"href":"https:\/\/megacase.com\/fr\/wp-json\/wp\/v2\/product_brand?post=259705"},{"taxonomy":"product_cat","embeddable":true,"href":"https:\/\/megacase.com\/fr\/wp-json\/wp\/v2\/product_cat?post=259705"},{"taxonomy":"product_tag","embeddable":true,"href":"https:\/\/megacase.com\/fr\/wp-json\/wp\/v2\/product_tag?post=259705"}],"curies":[{"name":"wp","href":"https:\/\/api.w.org\/{rel}","templated":true}]}}