{"id":259597,"date":"2024-03-05T13:33:28","date_gmt":"2024-03-05T12:33:28","guid":{"rendered":"https:\/\/megacase.com\/product\/flightcase-ah-avantis-solo\/"},"modified":"2026-03-26T13:36:54","modified_gmt":"2026-03-26T12:36:54","slug":"flightcase-ah-avantis-solo","status":"publish","type":"product","link":"https:\/\/megacase.com\/fr\/produit\/flightcase-ah-avantis-solo\/","title":{"rendered":"Flightcase A&#038;H Avantis Solo"},"content":{"rendered":"<p>Housse de protection assortie pour une table de mixage num\u00e9rique A&#038;H Avantis Solo<br \/>\nMarron ph\u00e9nol multiplex 6,8 mm<br \/>\nBordure en aluminium 30 x 30,<br \/>\n4 coins en L moyen,<br \/>\n6 poign\u00e9es rabattables moyennes,<br \/>\n4 fermoirs papillon moyen,<br \/>\n4 coins boules m\u00e9dium,<br \/>\n4 coins boules m\u00e9dium avec coin en L,<br \/>\nGoulotte de c\u00e2ble de 150 mm derri\u00e8re l&rsquo;appareil<br \/>\nLe m\u00e9langeur peut \u00eatre utilis\u00e9 dans le cas<br \/>\nrembourrage en mousse,<br \/>\nFabriqu\u00e9 en Allemagne<br \/>\nDimensions ext\u00e9rieures environ LxPxH 640x810x368mm<br \/>\nPoids environ 16 KG<\/p>\n","protected":false},"excerpt":{"rendered":"<p>Housse de protection assortie pour une table de mixage num\u00e9rique A&#038;H Avantis Solo Marron ph\u00e9nol multiplex 6,8 mm Bordure en<\/p>\n","protected":false},"featured_media":259590,"template":"","meta":{"_acf_changed":false},"product_brand":[],"product_cat":[13828],"product_tag":[],"class_list":{"0":"post-259597","1":"product","2":"type-product","3":"status-publish","4":"has-post-thumbnail","6":"product_cat-mischpult-cases-fr","8":"first","9":"instock","10":"taxable","11":"shipping-taxable","12":"purchasable","13":"product-type-simple"},"acf":[],"_links":{"self":[{"href":"https:\/\/megacase.com\/fr\/wp-json\/wp\/v2\/product\/259597","targetHints":{"allow":["GET"]}}],"collection":[{"href":"https:\/\/megacase.com\/fr\/wp-json\/wp\/v2\/product"}],"about":[{"href":"https:\/\/megacase.com\/fr\/wp-json\/wp\/v2\/types\/product"}],"wp:featuredmedia":[{"embeddable":true,"href":"https:\/\/megacase.com\/fr\/wp-json\/wp\/v2\/media\/259590"}],"wp:attachment":[{"href":"https:\/\/megacase.com\/fr\/wp-json\/wp\/v2\/media?parent=259597"}],"wp:term":[{"taxonomy":"product_brand","embeddable":true,"href":"https:\/\/megacase.com\/fr\/wp-json\/wp\/v2\/product_brand?post=259597"},{"taxonomy":"product_cat","embeddable":true,"href":"https:\/\/megacase.com\/fr\/wp-json\/wp\/v2\/product_cat?post=259597"},{"taxonomy":"product_tag","embeddable":true,"href":"https:\/\/megacase.com\/fr\/wp-json\/wp\/v2\/product_tag?post=259597"}],"curies":[{"name":"wp","href":"https:\/\/api.w.org\/{rel}","templated":true}]}}