{"id":259416,"date":"2024-03-05T13:20:03","date_gmt":"2024-03-05T12:20:03","guid":{"rendered":"https:\/\/megacase.com\/product\/flightcase-4x-l-acoustics-a15-focus\/"},"modified":"2026-03-26T13:36:55","modified_gmt":"2026-03-26T12:36:55","slug":"flightcase-4x-l-acoustics-a15-focus","status":"publish","type":"product","link":"https:\/\/megacase.com\/fr\/produit\/flightcase-4x-l-acoustics-a15-focus\/","title":{"rendered":"Flightcase 4x L-Acoustics A15 Focus"},"content":{"rendered":"<p>bo\u00eetier de capot lourd divis\u00e9 L-Acoustics A15 Focus 4in1 stacked + A15 Bump<br \/>\nHaut-parleurs empil\u00e9s, support inf\u00e9rieur \u00e0 un angle d&rsquo;environ 20\u00b0,<br \/>\nDerri\u00e8re les enceintes se trouve un compartiment pour A15 Bump<br \/>\n9mm multiplex noir RAL 9004,<br \/>\nBordure en aluminium 35\/35,<br \/>\n12 coins en L grand d\u00e9port,<br \/>\n8 grandes poign\u00e9es rabattables,<br \/>\n10 grands fermoirs papillons,<br \/>\n1 \u00e9tiquette de visite du plateau d&rsquo;installation,<br \/>\n8 coins boules larges coud\u00e9s,<br \/>\n4 roulettes pivotantes dont 100 mm avec frein,<br \/>\nRembourrage en mousse<br \/>\nFabriqu\u00e9 en Allemagne<br \/>\nDimensions ext\u00e9rieures environ LxPxH 910x865x1964mm<br \/>\nPoids environ 107 KG<\/p>\n","protected":false},"excerpt":{"rendered":"<p>bo\u00eetier de capot lourd divis\u00e9 L-Acoustics A15 Focus 4in1 stacked + A15 Bump Haut-parleurs empil\u00e9s, support inf\u00e9rieur \u00e0 un angle<\/p>\n","protected":false},"featured_media":259385,"template":"","meta":{"_acf_changed":false},"product_brand":[],"product_cat":[16320],"product_tag":[],"class_list":{"0":"post-259416","1":"product","2":"type-product","3":"status-publish","4":"has-post-thumbnail","6":"product_cat-audio-cases-fr","8":"first","9":"instock","10":"taxable","11":"shipping-taxable","12":"purchasable","13":"product-type-simple"},"acf":[],"_links":{"self":[{"href":"https:\/\/megacase.com\/fr\/wp-json\/wp\/v2\/product\/259416","targetHints":{"allow":["GET"]}}],"collection":[{"href":"https:\/\/megacase.com\/fr\/wp-json\/wp\/v2\/product"}],"about":[{"href":"https:\/\/megacase.com\/fr\/wp-json\/wp\/v2\/types\/product"}],"wp:featuredmedia":[{"embeddable":true,"href":"https:\/\/megacase.com\/fr\/wp-json\/wp\/v2\/media\/259385"}],"wp:attachment":[{"href":"https:\/\/megacase.com\/fr\/wp-json\/wp\/v2\/media?parent=259416"}],"wp:term":[{"taxonomy":"product_brand","embeddable":true,"href":"https:\/\/megacase.com\/fr\/wp-json\/wp\/v2\/product_brand?post=259416"},{"taxonomy":"product_cat","embeddable":true,"href":"https:\/\/megacase.com\/fr\/wp-json\/wp\/v2\/product_cat?post=259416"},{"taxonomy":"product_tag","embeddable":true,"href":"https:\/\/megacase.com\/fr\/wp-json\/wp\/v2\/product_tag?post=259416"}],"curies":[{"name":"wp","href":"https:\/\/api.w.org\/{rel}","templated":true}]}}