{"id":259284,"date":"2024-03-05T12:36:50","date_gmt":"2024-03-05T11:36:50","guid":{"rendered":"https:\/\/megacase.com\/product\/office-workstation-case-2x13u\/"},"modified":"2026-03-26T13:36:56","modified_gmt":"2026-03-26T12:36:56","slug":"office-workstation-case-2x13u","status":"publish","type":"product","link":"https:\/\/megacase.com\/fr\/produit\/office-workstation-case-2x13u\/","title":{"rendered":"Office Workstation Case 2x13U"},"content":{"rendered":"<p>Poste de travail double 19&Prime; avec plan de travail et coulissant,<br \/>\nRallonge sous plan de travail 160mm avec espace libre,<br \/>\nLe couvercle du bo\u00eetier est maintenu en position gr\u00e2ce \u00e0 des amortisseurs<br \/>\nSous le bloc coulissant 2x 13U 19&Prime;,<br \/>\n\u00e0 droite de celle-ci se trouve une \u00e9tag\u00e8re divis\u00e9e en 3 compartiments d&rsquo;une largeur de 120 mm (hauteur 250 + 165 + 145 mm),<br \/>\nPassage de c\u00e2bles en \u00e9tag\u00e8re,<br \/>\nTrappe de service<br \/>\nSortie de c\u00e2ble \u00e0 droite et \u00e0 gauche,<br \/>\n9 mm multiplex noir RAL 9004<br \/>\nBord en aluminium 35\/35 avec rainure pour rivet<br \/>\n8 grands fermoirs papillon<br \/>\n2 charni\u00e8res en L lourdes<br \/>\n3 charni\u00e8res 6 trous<br \/>\n8 grandes poign\u00e9es rabattables<br \/>\n7 poign\u00e9es de bord<br \/>\n8 coins boules larges coud\u00e9s<br \/>\n2 trappes de service G+D<br \/>\n4 roulettes pivotantes dont 2 frein\u00e9es<br \/>\nFabriqu\u00e9 en Allemagne<br \/>\nDimensions ext\u00e9rieures environ LxPxH 1200x800x1180mm<br \/>\nPoids environ 107,0 KG<\/p>\n","protected":false},"excerpt":{"rendered":"<p>Poste de travail double 19&Prime; avec plan de travail et coulissant, Rallonge sous plan de travail 160mm avec espace libre,<\/p>\n","protected":false},"featured_media":259281,"template":"","meta":{"_acf_changed":false},"product_brand":[],"product_cat":[15043],"product_tag":[],"class_list":{"0":"post-259284","1":"product","2":"type-product","3":"status-publish","4":"has-post-thumbnail","6":"product_cat-uncategorized-de","8":"first","9":"instock","10":"taxable","11":"shipping-taxable","12":"purchasable","13":"product-type-simple"},"acf":[],"_links":{"self":[{"href":"https:\/\/megacase.com\/fr\/wp-json\/wp\/v2\/product\/259284","targetHints":{"allow":["GET"]}}],"collection":[{"href":"https:\/\/megacase.com\/fr\/wp-json\/wp\/v2\/product"}],"about":[{"href":"https:\/\/megacase.com\/fr\/wp-json\/wp\/v2\/types\/product"}],"wp:featuredmedia":[{"embeddable":true,"href":"https:\/\/megacase.com\/fr\/wp-json\/wp\/v2\/media\/259281"}],"wp:attachment":[{"href":"https:\/\/megacase.com\/fr\/wp-json\/wp\/v2\/media?parent=259284"}],"wp:term":[{"taxonomy":"product_brand","embeddable":true,"href":"https:\/\/megacase.com\/fr\/wp-json\/wp\/v2\/product_brand?post=259284"},{"taxonomy":"product_cat","embeddable":true,"href":"https:\/\/megacase.com\/fr\/wp-json\/wp\/v2\/product_cat?post=259284"},{"taxonomy":"product_tag","embeddable":true,"href":"https:\/\/megacase.com\/fr\/wp-json\/wp\/v2\/product_tag?post=259284"}],"curies":[{"name":"wp","href":"https:\/\/api.w.org\/{rel}","templated":true}]}}