{"id":259107,"date":"2024-03-05T12:27:55","date_gmt":"2024-03-05T11:27:55","guid":{"rendered":"https:\/\/megacase.com\/product\/flip-down-case-digico-s21\/"},"modified":"2026-03-26T13:36:56","modified_gmt":"2026-03-26T12:36:56","slug":"flip-down-case-digico-s21","status":"publish","type":"product","link":"https:\/\/megacase.com\/fr\/produit\/flip-down-case-digico-s21\/","title":{"rendered":"Flip-Down Case DiGiCo S21"},"content":{"rendered":"<p>\u00e9tui \u00e0 rabat assorti pour une console num\u00e9rique DiGiCo S21,<br \/>\n9mm multiplex noir RAL 9004,<br \/>\nBordure en aluminium 35 x 35 avec rainure pour rivet<br \/>\n4 grands fermoirs papillon<br \/>\n8 poign\u00e9es rabattables en grandes sc\u00e8nes<br \/>\n6 charni\u00e8res 6 trous,<br \/>\n2 charni\u00e8res en L lourdes,<br \/>\n2 poign\u00e9es d&rsquo;installation en bordure,<br \/>\n8 grands coins boules \u00e9tag\u00e9s,<br \/>\n2 serrures \u00e0 loquet,<br \/>\n1 coque d&rsquo;\u00e9tiquette de tourn\u00e9e,<br \/>\n1 adaptateur pour bras d&rsquo;ordinateur portable,<br \/>\n4 roulettes pivotantes dont 2 avec freins,<br \/>\nJoues assorties pour le DigiCo S21<br \/>\nRembourrage en mousse<br \/>\nFabriqu\u00e9 en Allemagne<br \/>\nDimensions ext\u00e9rieures environ LxPxH 985x545x1100mm<br \/>\nPoids environ 79,6 KG<\/p>\n","protected":false},"excerpt":{"rendered":"<p>\u00e9tui \u00e0 rabat assorti pour une console num\u00e9rique DiGiCo S21, 9mm multiplex noir RAL 9004, Bordure en aluminium 35 x<\/p>\n","protected":false},"featured_media":259104,"template":"","meta":{"_acf_changed":false},"product_brand":[],"product_cat":[13828],"product_tag":[],"class_list":{"0":"post-259107","1":"product","2":"type-product","3":"status-publish","4":"has-post-thumbnail","6":"product_cat-mischpult-cases-fr","8":"first","9":"instock","10":"taxable","11":"shipping-taxable","12":"purchasable","13":"product-type-simple"},"acf":[],"_links":{"self":[{"href":"https:\/\/megacase.com\/fr\/wp-json\/wp\/v2\/product\/259107","targetHints":{"allow":["GET"]}}],"collection":[{"href":"https:\/\/megacase.com\/fr\/wp-json\/wp\/v2\/product"}],"about":[{"href":"https:\/\/megacase.com\/fr\/wp-json\/wp\/v2\/types\/product"}],"wp:featuredmedia":[{"embeddable":true,"href":"https:\/\/megacase.com\/fr\/wp-json\/wp\/v2\/media\/259104"}],"wp:attachment":[{"href":"https:\/\/megacase.com\/fr\/wp-json\/wp\/v2\/media?parent=259107"}],"wp:term":[{"taxonomy":"product_brand","embeddable":true,"href":"https:\/\/megacase.com\/fr\/wp-json\/wp\/v2\/product_brand?post=259107"},{"taxonomy":"product_cat","embeddable":true,"href":"https:\/\/megacase.com\/fr\/wp-json\/wp\/v2\/product_cat?post=259107"},{"taxonomy":"product_tag","embeddable":true,"href":"https:\/\/megacase.com\/fr\/wp-json\/wp\/v2\/product_tag?post=259107"}],"curies":[{"name":"wp","href":"https:\/\/api.w.org\/{rel}","templated":true}]}}