{"id":258979,"date":"2024-03-05T12:18:16","date_gmt":"2024-03-05T11:18:16","guid":{"rendered":"https:\/\/megacase.com\/product\/office-workstation-case-display-bracket-824\/"},"modified":"2026-03-26T13:36:57","modified_gmt":"2026-03-26T12:36:57","slug":"office-workstation-case-display-bracket-824","status":"publish","type":"product","link":"https:\/\/megacase.com\/fr\/produit\/office-workstation-case-display-bracket-824\/","title":{"rendered":"Office Workstation Case display bracket 824"},"content":{"rendered":"<p>Valise d&rsquo;angle professionnelle avec une \u00e9tag\u00e8re avec passage de c\u00e2bles \u00e0 une hauteur de 787mm,<br \/>\nLe couvercle peut \u00eatre ouvert en haut \u00e0 l&rsquo;aide d&rsquo;un amortisseur,<br \/>\ndans le couvercle se trouve un support Vesa pivotant pour un moniteur,<br \/>\nsous l&rsquo;\u00e9tag\u00e8re se trouve une \u00e9tag\u00e8re coulissante pour travailler,<br \/>\ncomprenant deux tiroirs verrouillables avec serrure \u00e0 combinaison,<br \/>\nLe capot avant peut \u00eatre accroch\u00e9 \u00e0 droite ou \u00e0 gauche comme table,<br \/>\nune sortie de c\u00e2ble \u00e0 l&rsquo;arri\u00e8re du bo\u00eetier,<br \/>\nMultiprise 4 prises install\u00e9e \u00e0 l&rsquo;int\u00e9rieur pour connecter l&rsquo;imprimante et le moniteur ;<br \/>\nRev\u00eatement color\u00e9 multiplex de 9 mm,<br \/>\nCouleur : au choix<br \/>\nBordure en aluminium 30 x 30 mm,<br \/>\n8 fermoirs papillon moyen V4,<br \/>\n4 poign\u00e9es rabattables moyennes,<br \/>\nCharni\u00e8res 2 L,<br \/>\n2 plaques de fixation de couvercle moyen avec arr\u00eat clic,<br \/>\n4 supports pour connecteurs de table,<br \/>\n2 connecteurs de table,<br \/>\n2 pieds de table pliables,<br \/>\n1 grand volet de service,<br \/>\n8 coins sph\u00e9riques, larges d\u00e9crochements pour chant alu 30 mm,<br \/>\n4 roulettes pivotantes dont 2 avec freins,<br \/>\nla d\u00e9coration int\u00e9rieure,<br \/>\nFabriqu\u00e9 en Allemagne<\/p>\n<p>Dimensions ext\u00e9rieures environ LxPxH 824x624x974mm LxPxH<br \/>\nPoids environ 84,6 kg<\/p>\n","protected":false},"excerpt":{"rendered":"<p>Valise d&rsquo;angle professionnelle avec une \u00e9tag\u00e8re avec passage de c\u00e2bles \u00e0 une hauteur de 787mm, Le couvercle peut \u00eatre ouvert<\/p>\n","protected":false},"featured_media":258928,"template":"","meta":{"_acf_changed":false},"product_brand":[],"product_cat":[15043],"product_tag":[],"class_list":{"0":"post-258979","1":"product","2":"type-product","3":"status-publish","4":"has-post-thumbnail","6":"product_cat-uncategorized-de","8":"first","9":"instock","10":"taxable","11":"shipping-taxable","12":"purchasable","13":"product-type-simple"},"acf":[],"_links":{"self":[{"href":"https:\/\/megacase.com\/fr\/wp-json\/wp\/v2\/product\/258979","targetHints":{"allow":["GET"]}}],"collection":[{"href":"https:\/\/megacase.com\/fr\/wp-json\/wp\/v2\/product"}],"about":[{"href":"https:\/\/megacase.com\/fr\/wp-json\/wp\/v2\/types\/product"}],"wp:featuredmedia":[{"embeddable":true,"href":"https:\/\/megacase.com\/fr\/wp-json\/wp\/v2\/media\/258928"}],"wp:attachment":[{"href":"https:\/\/megacase.com\/fr\/wp-json\/wp\/v2\/media?parent=258979"}],"wp:term":[{"taxonomy":"product_brand","embeddable":true,"href":"https:\/\/megacase.com\/fr\/wp-json\/wp\/v2\/product_brand?post=258979"},{"taxonomy":"product_cat","embeddable":true,"href":"https:\/\/megacase.com\/fr\/wp-json\/wp\/v2\/product_cat?post=258979"},{"taxonomy":"product_tag","embeddable":true,"href":"https:\/\/megacase.com\/fr\/wp-json\/wp\/v2\/product_tag?post=258979"}],"curies":[{"name":"wp","href":"https:\/\/api.w.org\/{rel}","templated":true}]}}