{"id":258915,"date":"2024-03-05T12:07:16","date_gmt":"2024-03-05T11:07:16","guid":{"rendered":"https:\/\/megacase.com\/product\/flightcase-eurolite-dynamic-fog-1200\/"},"modified":"2026-03-26T13:36:57","modified_gmt":"2026-03-26T12:36:57","slug":"flightcase-eurolite-dynamic-fog-1200","status":"publish","type":"product","link":"https:\/\/megacase.com\/fr\/produit\/flightcase-eurolite-dynamic-fog-1200\/","title":{"rendered":"Flightcase Eurolite Dynamic Fog 1200"},"content":{"rendered":"<p>Housse de capot assortie pour une machine \u00e0 brouillard Eurolite Dynamic Fog 1200 DMX<br \/>\nMarron ph\u00e9nol multiplex 6,8 mm<br \/>\nBordure en aluminium 30\/30<br \/>\n4 coins en L moyen<br \/>\n2 poign\u00e9es rabattables moyennes,<br \/>\n2 fermoirs papillon moyen,<br \/>\n4 coins boules m\u00e9dium,<br \/>\n4 coins boules m\u00e9dium avec coin en L,<br \/>\nRembourrage en mousse<br \/>\nLa machine \u00e0 brouillard peut \u00eatre actionn\u00e9e dans la partie inf\u00e9rieure<br \/>\nFabriqu\u00e9 en Allemagne<br \/>\nDimensions ext\u00e9rieures environ LxPxH 585x375x287mm<br \/>\nPoids environ 7,3 kg<\/p>\n","protected":false},"excerpt":{"rendered":"<p>Housse de capot assortie pour une machine \u00e0 brouillard Eurolite Dynamic Fog 1200 DMX Marron ph\u00e9nol multiplex 6,8 mm Bordure<\/p>\n","protected":false},"featured_media":258912,"template":"","meta":{"_acf_changed":false},"product_brand":[],"product_cat":[16355],"product_tag":[],"class_list":{"0":"post-258915","1":"product","2":"type-product","3":"status-publish","4":"has-post-thumbnail","6":"product_cat-cases-fuer-nebelmaschine-fr","8":"first","9":"instock","10":"taxable","11":"shipping-taxable","12":"purchasable","13":"product-type-simple"},"acf":[],"_links":{"self":[{"href":"https:\/\/megacase.com\/fr\/wp-json\/wp\/v2\/product\/258915","targetHints":{"allow":["GET"]}}],"collection":[{"href":"https:\/\/megacase.com\/fr\/wp-json\/wp\/v2\/product"}],"about":[{"href":"https:\/\/megacase.com\/fr\/wp-json\/wp\/v2\/types\/product"}],"wp:featuredmedia":[{"embeddable":true,"href":"https:\/\/megacase.com\/fr\/wp-json\/wp\/v2\/media\/258912"}],"wp:attachment":[{"href":"https:\/\/megacase.com\/fr\/wp-json\/wp\/v2\/media?parent=258915"}],"wp:term":[{"taxonomy":"product_brand","embeddable":true,"href":"https:\/\/megacase.com\/fr\/wp-json\/wp\/v2\/product_brand?post=258915"},{"taxonomy":"product_cat","embeddable":true,"href":"https:\/\/megacase.com\/fr\/wp-json\/wp\/v2\/product_cat?post=258915"},{"taxonomy":"product_tag","embeddable":true,"href":"https:\/\/megacase.com\/fr\/wp-json\/wp\/v2\/product_tag?post=258915"}],"curies":[{"name":"wp","href":"https:\/\/api.w.org\/{rel}","templated":true}]}}