{"id":258493,"date":"2024-03-05T10:47:41","date_gmt":"2024-03-05T09:47:41","guid":{"rendered":"https:\/\/megacase.com\/product\/flightcase-movecast-prostage-500-d8\/"},"modified":"2026-03-26T13:39:54","modified_gmt":"2026-03-26T12:39:54","slug":"flightcase-movecast-prostage-500-d8","status":"publish","type":"product","link":"https:\/\/megacase.com\/fr\/produit\/flightcase-movecast-prostage-500-d8\/","title":{"rendered":"Flightcase Movecast Prostage 500 D8+"},"content":{"rendered":"<p>Mallette de coffre lourde adapt\u00e9e \u00e0 2x palans \u00e0 cha\u00eene Movecat Prostage 500 D8+ 24M course<br \/>\nRev\u00eatement PVC multiplex de 9 mm<br \/>\nCouleur : noir Ral 9004<br \/>\nChant en aluminium 35&#215;35<br \/>\n4 grands coins en L<br \/>\n8 grandes poign\u00e9es rabattables<br \/>\n2 fermoirs papillon grand V3<br \/>\n2 fermetures de couvercle avec arr\u00eat \u00e0 clic<br \/>\nCharni\u00e8res 2 L grandes<br \/>\n1 \u00e9tiquette de visite du plateau d&rsquo;installation<br \/>\n4 plateaux d&rsquo;installation pour passages de roues<br \/>\n8 coins boules larges coud\u00e9s<br \/>\n4 roulettes pivotantes de 100 mm dont 2 avec freins<br \/>\nDivision par sujet<br \/>\nFabriqu\u00e9 en Allemagne<br \/>\nDimensions ext\u00e9rieures environ LxPxH : 605x605x700mm<br \/>\nPoids environ 42,7 kg<\/p>\n","protected":false},"excerpt":{"rendered":"<p>Mallette de coffre lourde adapt\u00e9e \u00e0 2x palans \u00e0 cha\u00eene Movecat Prostage 500 D8+ 24M course Rev\u00eatement PVC multiplex de<\/p>\n","protected":false},"featured_media":258490,"template":"","meta":{"_acf_changed":false},"product_brand":[],"product_cat":[16321,16329],"product_tag":[],"class_list":{"0":"post-258493","1":"product","2":"type-product","3":"status-publish","4":"has-post-thumbnail","6":"product_cat-case-fuer-pa-equipment-fr","7":"product_cat-cases-fuer-lichtequipment-fr","9":"first","10":"instock","11":"taxable","12":"shipping-taxable","13":"purchasable","14":"product-type-simple"},"acf":[],"_links":{"self":[{"href":"https:\/\/megacase.com\/fr\/wp-json\/wp\/v2\/product\/258493","targetHints":{"allow":["GET"]}}],"collection":[{"href":"https:\/\/megacase.com\/fr\/wp-json\/wp\/v2\/product"}],"about":[{"href":"https:\/\/megacase.com\/fr\/wp-json\/wp\/v2\/types\/product"}],"wp:featuredmedia":[{"embeddable":true,"href":"https:\/\/megacase.com\/fr\/wp-json\/wp\/v2\/media\/258490"}],"wp:attachment":[{"href":"https:\/\/megacase.com\/fr\/wp-json\/wp\/v2\/media?parent=258493"}],"wp:term":[{"taxonomy":"product_brand","embeddable":true,"href":"https:\/\/megacase.com\/fr\/wp-json\/wp\/v2\/product_brand?post=258493"},{"taxonomy":"product_cat","embeddable":true,"href":"https:\/\/megacase.com\/fr\/wp-json\/wp\/v2\/product_cat?post=258493"},{"taxonomy":"product_tag","embeddable":true,"href":"https:\/\/megacase.com\/fr\/wp-json\/wp\/v2\/product_tag?post=258493"}],"curies":[{"name":"wp","href":"https:\/\/api.w.org\/{rel}","templated":true}]}}