{"id":258429,"date":"2024-03-05T10:43:53","date_gmt":"2024-03-05T09:43:53","guid":{"rendered":"https:\/\/megacase.com\/product\/flightcase-mackie-onyx-16\/"},"modified":"2026-03-26T13:39:54","modified_gmt":"2026-03-26T12:39:54","slug":"flightcase-mackie-onyx-16","status":"publish","type":"product","link":"https:\/\/megacase.com\/fr\/produit\/flightcase-mackie-onyx-16\/","title":{"rendered":"Flightcase Mackie Onyx 16"},"content":{"rendered":"<p>Housse de protection assortie pour table de mixage Mackie Onyx16<br \/>\nRev\u00eatement en r\u00e9sine ph\u00e9nolique multiplex de 6,8 mm<br \/>\nCouleur marron<br \/>\nBordure en aluminium 25&#215;25 mm<br \/>\n2 papillons moyens \u00e0 ressort<br \/>\n1 manche rabattable moyen<br \/>\n4 coins boules moyen<br \/>\n4 coins boules coin L moyen<br \/>\n4 pieds en caoutchouc 38&#215;20 mm<br \/>\nMousse<br \/>\nGoulotte de c\u00e2ble de 10 cm derri\u00e8re l&rsquo;appareil<br \/>\nLe m\u00e9langeur peut \u00eatre actionn\u00e9 dans la partie inf\u00e9rieure<br \/>\nFabriqu\u00e9 en Allemagne<br \/>\nDimensions ext\u00e9rieures environ 545x534x210mm LxPxH<br \/>\nPoids environ 8,1 kg<\/p>\n","protected":false},"excerpt":{"rendered":"<p>Housse de protection assortie pour table de mixage Mackie Onyx16 Rev\u00eatement en r\u00e9sine ph\u00e9nolique multiplex de 6,8 mm Couleur marron<\/p>\n","protected":false},"featured_media":258386,"template":"","meta":{"_acf_changed":false},"product_brand":[],"product_cat":[13828],"product_tag":[],"class_list":{"0":"post-258429","1":"product","2":"type-product","3":"status-publish","4":"has-post-thumbnail","6":"product_cat-mischpult-cases-fr","8":"first","9":"instock","10":"taxable","11":"shipping-taxable","12":"purchasable","13":"product-type-simple"},"acf":[],"_links":{"self":[{"href":"https:\/\/megacase.com\/fr\/wp-json\/wp\/v2\/product\/258429","targetHints":{"allow":["GET"]}}],"collection":[{"href":"https:\/\/megacase.com\/fr\/wp-json\/wp\/v2\/product"}],"about":[{"href":"https:\/\/megacase.com\/fr\/wp-json\/wp\/v2\/types\/product"}],"wp:featuredmedia":[{"embeddable":true,"href":"https:\/\/megacase.com\/fr\/wp-json\/wp\/v2\/media\/258386"}],"wp:attachment":[{"href":"https:\/\/megacase.com\/fr\/wp-json\/wp\/v2\/media?parent=258429"}],"wp:term":[{"taxonomy":"product_brand","embeddable":true,"href":"https:\/\/megacase.com\/fr\/wp-json\/wp\/v2\/product_brand?post=258429"},{"taxonomy":"product_cat","embeddable":true,"href":"https:\/\/megacase.com\/fr\/wp-json\/wp\/v2\/product_cat?post=258429"},{"taxonomy":"product_tag","embeddable":true,"href":"https:\/\/megacase.com\/fr\/wp-json\/wp\/v2\/product_tag?post=258429"}],"curies":[{"name":"wp","href":"https:\/\/api.w.org\/{rel}","templated":true}]}}