{"id":258379,"date":"2024-03-05T10:13:14","date_gmt":"2024-03-05T09:13:14","guid":{"rendered":"https:\/\/megacase.com\/product\/turntable-case-pioneer-plx-crss12\/"},"modified":"2026-03-26T13:39:54","modified_gmt":"2026-03-26T12:39:54","slug":"turntable-case-pioneer-plx-crss12","status":"publish","type":"product","link":"https:\/\/megacase.com\/fr\/produit\/turntable-case-pioneer-plx-crss12\/","title":{"rendered":"Turntable Case Pioneer PLX-CRSS12"},"content":{"rendered":"<p>Boitier pour platine vinyle Pioneer PLX-CRSS12,<br \/>\nValise,<br \/>\nBrun ph\u00e9nol multiplex 6,8 mm,<br \/>\nBordure en aluminium 25\/25,<br \/>\n8 L-coin moyen,<br \/>\n2 papillons moyens,<br \/>\n1 manche rabattable moyen,<br \/>\n8 coins boules m\u00e9dium,<br \/>\n4 pieds en caoutchouc 38&#215;25 mm,<br \/>\nmousse,<br \/>\nL&rsquo;appareil peut \u00eatre utilis\u00e9 dans la partie inf\u00e9rieure,<br \/>\nTous les ports accessibles,<br \/>\nFabriqu\u00e9 en Allemagne<br \/>\nDimensions ext\u00e9rieures : LxPxH 430x613x235mm<br \/>\nPoids : 7,3 kg<\/p>\n","protected":false},"excerpt":{"rendered":"<p>Boitier pour platine vinyle Pioneer PLX-CRSS12, Valise, Brun ph\u00e9nol multiplex 6,8 mm, Bordure en aluminium 25\/25, 8 L-coin moyen, 2<\/p>\n","protected":false},"featured_media":258352,"template":"","meta":{"_acf_changed":false},"product_brand":[],"product_cat":[13730],"product_tag":[],"class_list":{"0":"post-258379","1":"product","2":"type-product","3":"status-publish","4":"has-post-thumbnail","6":"product_cat-dj-cases-fr","8":"first","9":"instock","10":"taxable","11":"shipping-taxable","12":"purchasable","13":"product-type-simple"},"acf":[],"_links":{"self":[{"href":"https:\/\/megacase.com\/fr\/wp-json\/wp\/v2\/product\/258379","targetHints":{"allow":["GET"]}}],"collection":[{"href":"https:\/\/megacase.com\/fr\/wp-json\/wp\/v2\/product"}],"about":[{"href":"https:\/\/megacase.com\/fr\/wp-json\/wp\/v2\/types\/product"}],"wp:featuredmedia":[{"embeddable":true,"href":"https:\/\/megacase.com\/fr\/wp-json\/wp\/v2\/media\/258352"}],"wp:attachment":[{"href":"https:\/\/megacase.com\/fr\/wp-json\/wp\/v2\/media?parent=258379"}],"wp:term":[{"taxonomy":"product_brand","embeddable":true,"href":"https:\/\/megacase.com\/fr\/wp-json\/wp\/v2\/product_brand?post=258379"},{"taxonomy":"product_cat","embeddable":true,"href":"https:\/\/megacase.com\/fr\/wp-json\/wp\/v2\/product_cat?post=258379"},{"taxonomy":"product_tag","embeddable":true,"href":"https:\/\/megacase.com\/fr\/wp-json\/wp\/v2\/product_tag?post=258379"}],"curies":[{"name":"wp","href":"https:\/\/api.w.org\/{rel}","templated":true}]}}