{"id":258239,"date":"2024-03-05T10:02:53","date_gmt":"2024-03-05T09:02:53","guid":{"rendered":"https:\/\/megacase.com\/product\/flightcase-2x-db-technologies-vio-10x\/"},"modified":"2026-03-26T13:39:55","modified_gmt":"2026-03-26T12:39:55","slug":"flightcase-2x-db-technologies-vio-10x","status":"publish","type":"product","link":"https:\/\/megacase.com\/fr\/produit\/flightcase-2x-db-technologies-vio-10x\/","title":{"rendered":"Flightcase 2x db Technologies VIO 10X"},"content":{"rendered":"<p>Mallette de poitrine professionnelle adapt\u00e9e \u00e0 2x DB Technologies Vio 10X<br \/>\navec compartiment lat\u00e9ral pour accessoires<br \/>\nRev\u00eatement multiplex 9 mm RAL 9004 noir<br \/>\nChant en aluminium 30&#215;30<br \/>\nGrand coin 8xL<br \/>\n8x poign\u00e9e pliante moyenne<br \/>\n2x fermoir papillon moyen<br \/>\n2x support de couvercle moyen<br \/>\n4x bac d&#8217;empilage dans le couvercle pour petits pains<br \/>\n8x grands coins de boule<br \/>\n4 roulettes pivotantes de 100 mm dont 2 avec freins<br \/>\nDivision par sujet<br \/>\nCompartiment accessoires 150 mm non rembourr\u00e9,<br \/>\nrembourrage en mousse,<br \/>\nFabriqu\u00e9 en Allemagne<br \/>\nDimensions ext\u00e9rieures : LxPxH 825x438x790mm<br \/>\nPoids : 31,1 kg<\/p>\n","protected":false},"excerpt":{"rendered":"<p>Mallette de poitrine professionnelle adapt\u00e9e \u00e0 2x DB Technologies Vio 10X avec compartiment lat\u00e9ral pour accessoires Rev\u00eatement multiplex 9 mm<\/p>\n","protected":false},"featured_media":258236,"template":"","meta":{"_acf_changed":false},"product_brand":[],"product_cat":[16320],"product_tag":[],"class_list":{"0":"post-258239","1":"product","2":"type-product","3":"status-publish","4":"has-post-thumbnail","6":"product_cat-audio-cases-fr","8":"first","9":"instock","10":"taxable","11":"shipping-taxable","12":"purchasable","13":"product-type-simple"},"acf":[],"_links":{"self":[{"href":"https:\/\/megacase.com\/fr\/wp-json\/wp\/v2\/product\/258239","targetHints":{"allow":["GET"]}}],"collection":[{"href":"https:\/\/megacase.com\/fr\/wp-json\/wp\/v2\/product"}],"about":[{"href":"https:\/\/megacase.com\/fr\/wp-json\/wp\/v2\/types\/product"}],"wp:featuredmedia":[{"embeddable":true,"href":"https:\/\/megacase.com\/fr\/wp-json\/wp\/v2\/media\/258236"}],"wp:attachment":[{"href":"https:\/\/megacase.com\/fr\/wp-json\/wp\/v2\/media?parent=258239"}],"wp:term":[{"taxonomy":"product_brand","embeddable":true,"href":"https:\/\/megacase.com\/fr\/wp-json\/wp\/v2\/product_brand?post=258239"},{"taxonomy":"product_cat","embeddable":true,"href":"https:\/\/megacase.com\/fr\/wp-json\/wp\/v2\/product_cat?post=258239"},{"taxonomy":"product_tag","embeddable":true,"href":"https:\/\/megacase.com\/fr\/wp-json\/wp\/v2\/product_tag?post=258239"}],"curies":[{"name":"wp","href":"https:\/\/api.w.org\/{rel}","templated":true}]}}