{"id":258207,"date":"2024-03-05T09:58:29","date_gmt":"2024-03-05T08:58:29","guid":{"rendered":"https:\/\/megacase.com\/product\/flightcase-rcf-e-12\/"},"modified":"2026-03-26T13:39:55","modified_gmt":"2026-03-26T12:39:55","slug":"flightcase-rcf-e-12","status":"publish","type":"product","link":"https:\/\/megacase.com\/fr\/produit\/flightcase-rcf-e-12\/","title":{"rendered":"Flightcase RCF E 12"},"content":{"rendered":"<p>Housse de capot assortie pour console de mixage RCF E12<br \/>\nMarron ph\u00e9nol multiplex 6,8 mm<br \/>\nBordure en aluminium 30\/30<br \/>\n4 coins en L moyen<br \/>\n1 manche rabattable moyen<br \/>\n4 fermoirs papillon moyen<br \/>\n4 coins boules moyen<br \/>\n4 coins boules m\u00e9dium avec coin en L<br \/>\n4 pieds en caoutchouc 38 x 20 mm<br \/>\nRembourrage en mousse<br \/>\nToutes les connexions librement accessibles<br \/>\nL&rsquo;appareil peut \u00eatre utilis\u00e9 dans la partie inf\u00e9rieure<br \/>\nGoulotte de c\u00e2ble de 10 cm derri\u00e8re l&rsquo;appareil<br \/>\nFabriqu\u00e9 en Allemagne<br \/>\nDimensions ext\u00e9rieures : LxPxH 460x575x225mm<br \/>\nPoids : 3,9 kg<\/p>\n","protected":false},"excerpt":{"rendered":"<p>Housse de capot assortie pour console de mixage RCF E12 Marron ph\u00e9nol multiplex 6,8 mm Bordure en aluminium 30\/30 4<\/p>\n","protected":false},"featured_media":258192,"template":"","meta":{"_acf_changed":false},"product_brand":[],"product_cat":[13828],"product_tag":[],"class_list":{"0":"post-258207","1":"product","2":"type-product","3":"status-publish","4":"has-post-thumbnail","6":"product_cat-mischpult-cases-fr","8":"first","9":"instock","10":"taxable","11":"shipping-taxable","12":"purchasable","13":"product-type-simple"},"acf":[],"_links":{"self":[{"href":"https:\/\/megacase.com\/fr\/wp-json\/wp\/v2\/product\/258207","targetHints":{"allow":["GET"]}}],"collection":[{"href":"https:\/\/megacase.com\/fr\/wp-json\/wp\/v2\/product"}],"about":[{"href":"https:\/\/megacase.com\/fr\/wp-json\/wp\/v2\/types\/product"}],"wp:featuredmedia":[{"embeddable":true,"href":"https:\/\/megacase.com\/fr\/wp-json\/wp\/v2\/media\/258192"}],"wp:attachment":[{"href":"https:\/\/megacase.com\/fr\/wp-json\/wp\/v2\/media?parent=258207"}],"wp:term":[{"taxonomy":"product_brand","embeddable":true,"href":"https:\/\/megacase.com\/fr\/wp-json\/wp\/v2\/product_brand?post=258207"},{"taxonomy":"product_cat","embeddable":true,"href":"https:\/\/megacase.com\/fr\/wp-json\/wp\/v2\/product_cat?post=258207"},{"taxonomy":"product_tag","embeddable":true,"href":"https:\/\/megacase.com\/fr\/wp-json\/wp\/v2\/product_tag?post=258207"}],"curies":[{"name":"wp","href":"https:\/\/api.w.org\/{rel}","templated":true}]}}