{"id":258175,"date":"2024-03-05T09:52:28","date_gmt":"2024-03-05T08:52:28","guid":{"rendered":"https:\/\/megacase.com\/product\/case-epson-eb-pu2213b-5x-lens\/"},"modified":"2026-03-26T13:39:55","modified_gmt":"2026-03-26T12:39:55","slug":"case-epson-eb-pu2213b-5x-lens","status":"publish","type":"product","link":"https:\/\/megacase.com\/fr\/produit\/case-epson-eb-pu2213b-5x-lens\/","title":{"rendered":"Case Epson EB-PU2213B + 5x lens"},"content":{"rendered":"<p>Mallette de poitrine assortie pour projecteur Epson EB Pu 2213<br \/>\nInsert amovible pour projecteur Epson EB-PU2213B avec acc\u00e8s lat\u00e9ral pour un retrait plus facile,<br \/>\nun compartiment rembourr\u00e9 en bas pour 5 lentilles &#8211;<br \/>\nObjectif Epson ELPLM15<br \/>\nObjectif Epson ELPLM10<br \/>\nObjectif Epson ELPLM11<br \/>\nObjectif Epson ELPLL08<br \/>\nObjectif Epson ELPLW06<br \/>\ncompartiment \u00e0 accessoires rembourr\u00e9 de 15 cm<br \/>\nRev\u00eatement en r\u00e9sine ph\u00e9nolique multiplex de 6,8 mm marron<br \/>\nChant en aluminium 30&#215;30<br \/>\n4x coin en L moyen<br \/>\n4x poign\u00e9e pliante moyenne<br \/>\n2x fermoir papillon moyen avec \u0153illet pour cadenas<br \/>\n2x grandes charni\u00e8res verrouillables<br \/>\n4x coin boule moyen<br \/>\n4x coin boule moyen avec coin en L<br \/>\n4 roulettes pivotantes de 100 mm dont 2 avec freins<br \/>\nDivision par sujet<br \/>\nRembourrage en mousse<br \/>\nFabriqu\u00e9 en Allemagne<br \/>\nDimensions ext\u00e9rieures : LxPxH 1010x655x637mm<br \/>\nPoids : 37,6 kg<\/p>\n","protected":false},"excerpt":{"rendered":"<p>Mallette de poitrine assortie pour projecteur Epson EB Pu 2213 Insert amovible pour projecteur Epson EB-PU2213B avec acc\u00e8s lat\u00e9ral pour<\/p>\n","protected":false},"featured_media":258160,"template":"","meta":{"_acf_changed":false},"product_brand":[],"product_cat":[13555],"product_tag":[],"class_list":{"0":"post-258175","1":"product","2":"type-product","3":"status-publish","4":"has-post-thumbnail","6":"product_cat-beamercases-und-beamer-zubehoer-koffer-fr","8":"first","9":"instock","10":"taxable","11":"shipping-taxable","12":"purchasable","13":"product-type-simple"},"acf":[],"_links":{"self":[{"href":"https:\/\/megacase.com\/fr\/wp-json\/wp\/v2\/product\/258175","targetHints":{"allow":["GET"]}}],"collection":[{"href":"https:\/\/megacase.com\/fr\/wp-json\/wp\/v2\/product"}],"about":[{"href":"https:\/\/megacase.com\/fr\/wp-json\/wp\/v2\/types\/product"}],"wp:featuredmedia":[{"embeddable":true,"href":"https:\/\/megacase.com\/fr\/wp-json\/wp\/v2\/media\/258160"}],"wp:attachment":[{"href":"https:\/\/megacase.com\/fr\/wp-json\/wp\/v2\/media?parent=258175"}],"wp:term":[{"taxonomy":"product_brand","embeddable":true,"href":"https:\/\/megacase.com\/fr\/wp-json\/wp\/v2\/product_brand?post=258175"},{"taxonomy":"product_cat","embeddable":true,"href":"https:\/\/megacase.com\/fr\/wp-json\/wp\/v2\/product_cat?post=258175"},{"taxonomy":"product_tag","embeddable":true,"href":"https:\/\/megacase.com\/fr\/wp-json\/wp\/v2\/product_tag?post=258175"}],"curies":[{"name":"wp","href":"https:\/\/api.w.org\/{rel}","templated":true}]}}