{"id":258089,"date":"2024-03-05T09:45:48","date_gmt":"2024-03-05T08:45:48","guid":{"rendered":"https:\/\/megacase.com\/product\/flightcase-pearl-mimic-pro-mount\/"},"modified":"2026-03-26T13:39:55","modified_gmt":"2026-03-26T12:39:55","slug":"flightcase-pearl-mimic-pro-mount","status":"publish","type":"product","link":"https:\/\/megacase.com\/fr\/produit\/flightcase-pearl-mimic-pro-mount\/","title":{"rendered":"Flightcase Pearl Mimic Pro + mount"},"content":{"rendered":"<p>\u00c9tui \u00e9cologique pour Pearl Mimic Pro<br \/>\nComprend un support Pearl PEMM mont\u00e9 pour Mimic Pro<br \/>\nValise<br \/>\nBrun ph\u00e9nol multiplex 6,8 mm<br \/>\nBordure en aluminium 22\/22<br \/>\n4x coin en L moyen<br \/>\n2x fermoir \u00e0 pression avec \u0153illet<br \/>\n1x poign\u00e9e en cuir (avant)<br \/>\n2x grandes charni\u00e8res verrouillables<br \/>\n4x petits coins boule<br \/>\n4x coin boule petit coin en L<br \/>\nMousse<br \/>\nFabriqu\u00e9 en Allemagne<br \/>\nDimensions ext\u00e9rieures : LxPxH 430x300x194mm<br \/>\nPoids : 3,7 kg<\/p>\n","protected":false},"excerpt":{"rendered":"<p>\u00c9tui \u00e9cologique pour Pearl Mimic Pro Comprend un support Pearl PEMM mont\u00e9 pour Mimic Pro Valise Brun ph\u00e9nol multiplex 6,8<\/p>\n","protected":false},"featured_media":258066,"template":"","meta":{"_acf_changed":false},"product_brand":[],"product_cat":[15043],"product_tag":[],"class_list":{"0":"post-258089","1":"product","2":"type-product","3":"status-publish","4":"has-post-thumbnail","6":"product_cat-uncategorized-de","8":"first","9":"instock","10":"taxable","11":"shipping-taxable","12":"purchasable","13":"product-type-simple"},"acf":[],"_links":{"self":[{"href":"https:\/\/megacase.com\/fr\/wp-json\/wp\/v2\/product\/258089","targetHints":{"allow":["GET"]}}],"collection":[{"href":"https:\/\/megacase.com\/fr\/wp-json\/wp\/v2\/product"}],"about":[{"href":"https:\/\/megacase.com\/fr\/wp-json\/wp\/v2\/types\/product"}],"wp:featuredmedia":[{"embeddable":true,"href":"https:\/\/megacase.com\/fr\/wp-json\/wp\/v2\/media\/258066"}],"wp:attachment":[{"href":"https:\/\/megacase.com\/fr\/wp-json\/wp\/v2\/media?parent=258089"}],"wp:term":[{"taxonomy":"product_brand","embeddable":true,"href":"https:\/\/megacase.com\/fr\/wp-json\/wp\/v2\/product_brand?post=258089"},{"taxonomy":"product_cat","embeddable":true,"href":"https:\/\/megacase.com\/fr\/wp-json\/wp\/v2\/product_cat?post=258089"},{"taxonomy":"product_tag","embeddable":true,"href":"https:\/\/megacase.com\/fr\/wp-json\/wp\/v2\/product_tag?post=258089"}],"curies":[{"name":"wp","href":"https:\/\/api.w.org\/{rel}","templated":true}]}}