{"id":257936,"date":"2024-03-05T09:03:52","date_gmt":"2024-03-05T08:03:52","guid":{"rendered":"https:\/\/megacase.com\/product\/flightcase-20x-shure-mxcw-640-speech-wheel\/"},"modified":"2026-03-26T13:39:56","modified_gmt":"2026-03-26T12:39:56","slug":"flightcase-20x-shure-mxcw-640-speech-wheel","status":"publish","type":"product","link":"https:\/\/megacase.com\/fr\/produit\/flightcase-20x-shure-mxcw-640-speech-wheel\/","title":{"rendered":"Flightcase 20x Shure MXCW 640 Speech + wheel"},"content":{"rendered":"<p>Mallette professionnelle sur roulettes pour 20x interphones Shure MXCW 640,<br \/>\navec plateaux amovibles pour postes de microphone,<br \/>\nCols de cygne MXC420\/C longueur 50 cm et point d&rsquo;acc\u00e8s,<br \/>\net plateau pour 2 bornes de recharge<br \/>\n9 mm multiplex noir Ral 9004<br \/>\nBordure en aluminium 30\/30<br \/>\nGrand coin 4 L<br \/>\n4 coins en L moyen<br \/>\n2 Papillons m\u00e9dium V4 demi coud\u00e9<br \/>\n8 poign\u00e9es rabattables moyennes<br \/>\n2 Charni\u00e8re du couvercle avec arr\u00eat \u00e0 clic moyen<br \/>\n3 charni\u00e8res moyennes 6 trous<br \/>\n8 coins de boule<br \/>\n4 roulettes pivotantes dont 2 avec freins<br \/>\n2 planches \u00e0 roulettes<br \/>\nins\u00e9rer des baignoires<br \/>\nRembourrage en mousse<br \/>\nFabriqu\u00e9 en Allemagne<br \/>\nDimensions ext\u00e9rieures : LxPxH 705x605x704mm<br \/>\nPoids : 40,3 kg<\/p>\n","protected":false},"excerpt":{"rendered":"<p>Mallette professionnelle sur roulettes pour 20x interphones Shure MXCW 640, avec plateaux amovibles pour postes de microphone, Cols de cygne<\/p>\n","protected":false},"featured_media":257909,"template":"","meta":{"_acf_changed":false},"product_brand":[],"product_cat":[15043],"product_tag":[],"class_list":{"0":"post-257936","1":"product","2":"type-product","3":"status-publish","4":"has-post-thumbnail","6":"product_cat-uncategorized-de","8":"first","9":"instock","10":"taxable","11":"shipping-taxable","12":"purchasable","13":"product-type-simple"},"acf":[],"_links":{"self":[{"href":"https:\/\/megacase.com\/fr\/wp-json\/wp\/v2\/product\/257936","targetHints":{"allow":["GET"]}}],"collection":[{"href":"https:\/\/megacase.com\/fr\/wp-json\/wp\/v2\/product"}],"about":[{"href":"https:\/\/megacase.com\/fr\/wp-json\/wp\/v2\/types\/product"}],"wp:featuredmedia":[{"embeddable":true,"href":"https:\/\/megacase.com\/fr\/wp-json\/wp\/v2\/media\/257909"}],"wp:attachment":[{"href":"https:\/\/megacase.com\/fr\/wp-json\/wp\/v2\/media?parent=257936"}],"wp:term":[{"taxonomy":"product_brand","embeddable":true,"href":"https:\/\/megacase.com\/fr\/wp-json\/wp\/v2\/product_brand?post=257936"},{"taxonomy":"product_cat","embeddable":true,"href":"https:\/\/megacase.com\/fr\/wp-json\/wp\/v2\/product_cat?post=257936"},{"taxonomy":"product_tag","embeddable":true,"href":"https:\/\/megacase.com\/fr\/wp-json\/wp\/v2\/product_tag?post=257936"}],"curies":[{"name":"wp","href":"https:\/\/api.w.org\/{rel}","templated":true}]}}