{"id":257864,"date":"2024-03-05T08:59:42","date_gmt":"2024-03-05T07:59:42","guid":{"rendered":"https:\/\/megacase.com\/product\/controller-case-rane-four-1u\/"},"modified":"2026-03-26T13:39:56","modified_gmt":"2026-03-26T12:39:56","slug":"controller-case-rane-four-1u","status":"publish","type":"product","link":"https:\/\/megacase.com\/fr\/produit\/controller-case-rane-four-1u\/","title":{"rendered":"Controller Case Rane Four + 1U"},"content":{"rendered":"<p>Bo\u00eetier de contr\u00f4leur d&rsquo;angle assorti pour Rane Four<br \/>\n6,8 mm multiplex noir Ral 9004<br \/>\nBordure en aluminium 22\/22<br \/>\n6x coin en L moyen<br \/>\n3x poign\u00e9e pliante moyenne<br \/>\n8x mini fermoir papillon<br \/>\n8x petits coins boule<br \/>\n4x pieds en caoutchouc 38x20mm<br \/>\nEspace rack 1U sous le contr\u00f4leur<br \/>\nEspace de 10 cm \u00e0 l&rsquo;arri\u00e8re pour les connexions<br \/>\nla partie inf\u00e9rieure peut \u00eatre empil\u00e9e sur le couvercle sup\u00e9rieur pour plus de hauteur<br \/>\nRembourrage en mousse<br \/>\nFabriqu\u00e9 en Allemagne<br \/>\nDimensions ext\u00e9rieures : LxPxH 860x550x240mm<br \/>\nPoids : 13,4 kg<\/p>\n","protected":false},"excerpt":{"rendered":"<p>Bo\u00eetier de contr\u00f4leur d&rsquo;angle assorti pour Rane Four 6,8 mm multiplex noir Ral 9004 Bordure en aluminium 22\/22 6x coin<\/p>\n","protected":false},"featured_media":257857,"template":"","meta":{"_acf_changed":false},"product_brand":[],"product_cat":[13730],"product_tag":[],"class_list":{"0":"post-257864","1":"product","2":"type-product","3":"status-publish","4":"has-post-thumbnail","6":"product_cat-dj-cases-fr","8":"first","9":"instock","10":"taxable","11":"shipping-taxable","12":"purchasable","13":"product-type-simple"},"acf":[],"_links":{"self":[{"href":"https:\/\/megacase.com\/fr\/wp-json\/wp\/v2\/product\/257864","targetHints":{"allow":["GET"]}}],"collection":[{"href":"https:\/\/megacase.com\/fr\/wp-json\/wp\/v2\/product"}],"about":[{"href":"https:\/\/megacase.com\/fr\/wp-json\/wp\/v2\/types\/product"}],"wp:featuredmedia":[{"embeddable":true,"href":"https:\/\/megacase.com\/fr\/wp-json\/wp\/v2\/media\/257857"}],"wp:attachment":[{"href":"https:\/\/megacase.com\/fr\/wp-json\/wp\/v2\/media?parent=257864"}],"wp:term":[{"taxonomy":"product_brand","embeddable":true,"href":"https:\/\/megacase.com\/fr\/wp-json\/wp\/v2\/product_brand?post=257864"},{"taxonomy":"product_cat","embeddable":true,"href":"https:\/\/megacase.com\/fr\/wp-json\/wp\/v2\/product_cat?post=257864"},{"taxonomy":"product_tag","embeddable":true,"href":"https:\/\/megacase.com\/fr\/wp-json\/wp\/v2\/product_tag?post=257864"}],"curies":[{"name":"wp","href":"https:\/\/api.w.org\/{rel}","templated":true}]}}