{"id":257730,"date":"2024-03-04T16:16:25","date_gmt":"2024-03-04T15:16:25","guid":{"rendered":"https:\/\/megacase.com\/product\/single-door-cleaning-trolly\/"},"modified":"2026-03-26T13:39:57","modified_gmt":"2026-03-26T12:39:57","slug":"single-door-cleaning-trolly","status":"publish","type":"product","link":"https:\/\/megacase.com\/fr\/produit\/single-door-cleaning-trolly\/","title":{"rendered":"Single Door Cleaning Trolly"},"content":{"rendered":"<p>Chariot de nettoyage utile pour les produits de nettoyage pour les caisses de nettoyage et le mat\u00e9riel de location<br \/>\nRev\u00eatement color\u00e9 multiplex de 6,8 mm &#8211; veuillez choisir la couleur souhait\u00e9e dans notre carte de couleurs,<br \/>\nBordure aluminium 30&#215;30,<br \/>\n8x coin L moyen,<br \/>\n4x poign\u00e9e pliante moyenne,<br \/>\n2x Papillon moyen,<br \/>\nCharni\u00e8re 2x L<br \/>\n4x charni\u00e8re moyenne (6 trous),<br \/>\n8x coins de balle<br \/>\n5x roulettes pivotantes de 100 mm (3x frein\u00e9es),<br \/>\nAm\u00e9nagement int\u00e9rieur<br \/>\nPorte-rouleau, poubelle, compartiments pour ustensiles de nettoyage<br \/>\nFabriqu\u00e9 en Allemagne<\/p>\n<p>Dimensions ext\u00e9rieures : LxPxH 610x615x1338mm<br \/>\nPoids : 36,9 kg<\/p>\n","protected":false},"excerpt":{"rendered":"<p>Chariot de nettoyage utile pour les produits de nettoyage pour les caisses de nettoyage et le mat\u00e9riel de location Rev\u00eatement<\/p>\n","protected":false},"featured_media":257727,"template":"","meta":{"_acf_changed":false},"product_brand":[],"product_cat":[13755],"product_tag":[],"class_list":{"0":"post-257730","1":"product","2":"type-product","3":"status-publish","4":"has-post-thumbnail","6":"product_cat-universal-flightcases-fr","8":"first","9":"instock","10":"taxable","11":"shipping-taxable","12":"purchasable","13":"product-type-simple"},"acf":[],"_links":{"self":[{"href":"https:\/\/megacase.com\/fr\/wp-json\/wp\/v2\/product\/257730","targetHints":{"allow":["GET"]}}],"collection":[{"href":"https:\/\/megacase.com\/fr\/wp-json\/wp\/v2\/product"}],"about":[{"href":"https:\/\/megacase.com\/fr\/wp-json\/wp\/v2\/types\/product"}],"wp:featuredmedia":[{"embeddable":true,"href":"https:\/\/megacase.com\/fr\/wp-json\/wp\/v2\/media\/257727"}],"wp:attachment":[{"href":"https:\/\/megacase.com\/fr\/wp-json\/wp\/v2\/media?parent=257730"}],"wp:term":[{"taxonomy":"product_brand","embeddable":true,"href":"https:\/\/megacase.com\/fr\/wp-json\/wp\/v2\/product_brand?post=257730"},{"taxonomy":"product_cat","embeddable":true,"href":"https:\/\/megacase.com\/fr\/wp-json\/wp\/v2\/product_cat?post=257730"},{"taxonomy":"product_tag","embeddable":true,"href":"https:\/\/megacase.com\/fr\/wp-json\/wp\/v2\/product_tag?post=257730"}],"curies":[{"name":"wp","href":"https:\/\/api.w.org\/{rel}","templated":true}]}}