{"id":257548,"date":"2024-03-04T15:36:17","date_gmt":"2024-03-04T14:36:17","guid":{"rendered":"https:\/\/megacase.com\/product\/mixercase-rcf-f-10xr\/"},"modified":"2026-03-26T13:39:58","modified_gmt":"2026-03-26T12:39:58","slug":"mixercase-rcf-f-10xr","status":"publish","type":"product","link":"https:\/\/megacase.com\/fr\/produit\/mixercase-rcf-f-10xr\/","title":{"rendered":"Mixercase RCF-F 10XR"},"content":{"rendered":"<p>Housse de capot pour mixeur RCF F 10 XR<br \/>\navec goulotte de c\u00e2ble de 10 cm derri\u00e8re l&rsquo;appareil,<br \/>\nBrun ph\u00e9nol multiplex 6,8 mm,<br \/>\nBordure en aluminium 25\/25,<br \/>\n4 L-coin moyen,<br \/>\n2 papillons moyens,<br \/>\n1 poign\u00e9e de valise,<br \/>\n4 coins boules m\u00e9dium,<br \/>\n4 coins boules, coin L moyen,<br \/>\n4 pieds en caoutchouc 38&#215;25 mm,<br \/>\nla d\u00e9coration int\u00e9rieure,<br \/>\nmousse,<br \/>\nFabriqu\u00e9 en Allemagne<\/p>\n<p>Dimensions ext\u00e9rieures environ 355x425x200mm LxPxH<br \/>\nPoids environ 4,4 kg<\/p>\n","protected":false},"excerpt":{"rendered":"<p>Housse de capot pour mixeur RCF F 10 XR avec goulotte de c\u00e2ble de 10 cm derri\u00e8re l&rsquo;appareil, Brun ph\u00e9nol<\/p>\n","protected":false},"featured_media":257545,"template":"","meta":{"_acf_changed":false},"product_brand":[],"product_cat":[13828],"product_tag":[],"class_list":{"0":"post-257548","1":"product","2":"type-product","3":"status-publish","4":"has-post-thumbnail","6":"product_cat-mischpult-cases-fr","8":"first","9":"instock","10":"taxable","11":"shipping-taxable","12":"purchasable","13":"product-type-simple"},"acf":[],"_links":{"self":[{"href":"https:\/\/megacase.com\/fr\/wp-json\/wp\/v2\/product\/257548","targetHints":{"allow":["GET"]}}],"collection":[{"href":"https:\/\/megacase.com\/fr\/wp-json\/wp\/v2\/product"}],"about":[{"href":"https:\/\/megacase.com\/fr\/wp-json\/wp\/v2\/types\/product"}],"wp:featuredmedia":[{"embeddable":true,"href":"https:\/\/megacase.com\/fr\/wp-json\/wp\/v2\/media\/257545"}],"wp:attachment":[{"href":"https:\/\/megacase.com\/fr\/wp-json\/wp\/v2\/media?parent=257548"}],"wp:term":[{"taxonomy":"product_brand","embeddable":true,"href":"https:\/\/megacase.com\/fr\/wp-json\/wp\/v2\/product_brand?post=257548"},{"taxonomy":"product_cat","embeddable":true,"href":"https:\/\/megacase.com\/fr\/wp-json\/wp\/v2\/product_cat?post=257548"},{"taxonomy":"product_tag","embeddable":true,"href":"https:\/\/megacase.com\/fr\/wp-json\/wp\/v2\/product_tag?post=257548"}],"curies":[{"name":"wp","href":"https:\/\/api.w.org\/{rel}","templated":true}]}}