{"id":257444,"date":"2024-03-04T15:26:06","date_gmt":"2024-03-04T14:26:06","guid":{"rendered":"https:\/\/megacase.com\/product\/flightcase-4x-varytec-led-profile-150w-3200k-wheel\/"},"modified":"2026-03-26T13:39:59","modified_gmt":"2026-03-26T12:39:59","slug":"flightcase-4x-varytec-led-profile-150w-3200k-wheel","status":"publish","type":"product","link":"https:\/\/megacase.com\/fr\/produit\/flightcase-4x-varytec-led-profile-150w-3200k-wheel\/","title":{"rendered":"Flightcase 4x Varytec LED Profile 150W 3200K + wheel"},"content":{"rendered":"<p>Valise coffre \u00e0 roulettes pour 4x profil\u00e9s LED Varytec 150W 3200K<br \/>\navec compartiment \u00e0 accessoires rembourr\u00e9 de 150 mm de large<br \/>\nMarron ph\u00e9nol multiplex 6,8 mm<br \/>\nChant en aluminium 30&#215;30<br \/>\n4 poign\u00e9es rabattables moyennes<br \/>\n8 coins boules moyen<br \/>\n2 charni\u00e8res verrouillables \u00e0 l&rsquo;arri\u00e8re<br \/>\n4 roulettes pivotantes de 100 mm dont 2 avec freins<br \/>\ncompartiments rembourr\u00e9s<br \/>\nRembourrage en mousse<br \/>\nFabriqu\u00e9 en Allemagne<br \/>\nDimensions ext\u00e9rieures environ 835x650x820mm LxPxH<br \/>\nPoids environ 36,9 kg.<\/p>\n","protected":false},"excerpt":{"rendered":"<p>Valise coffre \u00e0 roulettes pour 4x profil\u00e9s LED Varytec 150W 3200K avec compartiment \u00e0 accessoires rembourr\u00e9 de 150 mm de<\/p>\n","protected":false},"featured_media":257441,"template":"","meta":{"_acf_changed":false},"product_brand":[],"product_cat":[16329],"product_tag":[],"class_list":{"0":"post-257444","1":"product","2":"type-product","3":"status-publish","4":"has-post-thumbnail","6":"product_cat-cases-fuer-lichtequipment-fr","8":"first","9":"instock","10":"taxable","11":"shipping-taxable","12":"purchasable","13":"product-type-simple"},"acf":[],"_links":{"self":[{"href":"https:\/\/megacase.com\/fr\/wp-json\/wp\/v2\/product\/257444","targetHints":{"allow":["GET"]}}],"collection":[{"href":"https:\/\/megacase.com\/fr\/wp-json\/wp\/v2\/product"}],"about":[{"href":"https:\/\/megacase.com\/fr\/wp-json\/wp\/v2\/types\/product"}],"wp:featuredmedia":[{"embeddable":true,"href":"https:\/\/megacase.com\/fr\/wp-json\/wp\/v2\/media\/257441"}],"wp:attachment":[{"href":"https:\/\/megacase.com\/fr\/wp-json\/wp\/v2\/media?parent=257444"}],"wp:term":[{"taxonomy":"product_brand","embeddable":true,"href":"https:\/\/megacase.com\/fr\/wp-json\/wp\/v2\/product_brand?post=257444"},{"taxonomy":"product_cat","embeddable":true,"href":"https:\/\/megacase.com\/fr\/wp-json\/wp\/v2\/product_cat?post=257444"},{"taxonomy":"product_tag","embeddable":true,"href":"https:\/\/megacase.com\/fr\/wp-json\/wp\/v2\/product_tag?post=257444"}],"curies":[{"name":"wp","href":"https:\/\/api.w.org\/{rel}","templated":true}]}}