{"id":257297,"date":"2024-03-04T15:10:17","date_gmt":"2024-03-04T14:10:17","guid":{"rendered":"https:\/\/megacase.com\/product\/flightcase-chamsys-magicq-compact-connect\/"},"modified":"2026-03-26T13:39:59","modified_gmt":"2026-03-26T12:39:59","slug":"flightcase-chamsys-magicq-compact-connect","status":"publish","type":"product","link":"https:\/\/megacase.com\/fr\/produit\/flightcase-chamsys-magicq-compact-connect\/","title":{"rendered":"Flightcase ChamSys MagicQ Compact Connect"},"content":{"rendered":"<p>\u00c9tui en contreplaqu\u00e9 noir con\u00e7u sp\u00e9cifiquement pour le ChamSys MagicQ Compact Connect.<\/p>\n<p>L&rsquo;int\u00e9rieur est dot\u00e9 d&rsquo;un rembourrage en mousse sur mesure et d&rsquo;un passage de c\u00e2ble de 12 cm \u00e0 l&rsquo;arri\u00e8re de l&rsquo;appareil.<\/p>\n<p>Caract\u00e9ristiques :<br \/>\nContreplaqu\u00e9 noir 6,8 mm (RAL 9004)<br \/>\nProfil\u00e9 en aluminium 30 x 30 mm<br \/>\n4 coins en L moyens<br \/>\n2 fermetures papillon moyennes<br \/>\n1 poign\u00e9e en cuir<br \/>\n4 coins \u00e0 billes moyens<br \/>\n4 coins \u00e0 billes moyens avec coin en L<br \/>\n4 pieds en caoutchouc<br \/>\nRembourrage en mousse<\/p>\n<p>Fabriqu\u00e9 en Allemagne<br \/>\nDimensions ext\u00e9rieures (L x P x H) : 585 x 445 x 180 mm<br \/>\nPoids : 5,4 kg<\/p>\n","protected":false},"excerpt":{"rendered":"<p>\u00c9tui en contreplaqu\u00e9 noir con\u00e7u sp\u00e9cifiquement pour le ChamSys MagicQ Compact Connect. L&rsquo;int\u00e9rieur est dot\u00e9 d&rsquo;un rembourrage en mousse sur<\/p>\n","protected":false},"featured_media":257242,"template":"","meta":{"_acf_changed":false},"product_brand":[],"product_cat":[13828],"product_tag":[],"class_list":{"0":"post-257297","1":"product","2":"type-product","3":"status-publish","4":"has-post-thumbnail","6":"product_cat-mischpult-cases-fr","8":"first","9":"instock","10":"taxable","11":"shipping-taxable","12":"purchasable","13":"product-type-simple"},"acf":[],"_links":{"self":[{"href":"https:\/\/megacase.com\/fr\/wp-json\/wp\/v2\/product\/257297","targetHints":{"allow":["GET"]}}],"collection":[{"href":"https:\/\/megacase.com\/fr\/wp-json\/wp\/v2\/product"}],"about":[{"href":"https:\/\/megacase.com\/fr\/wp-json\/wp\/v2\/types\/product"}],"wp:featuredmedia":[{"embeddable":true,"href":"https:\/\/megacase.com\/fr\/wp-json\/wp\/v2\/media\/257242"}],"wp:attachment":[{"href":"https:\/\/megacase.com\/fr\/wp-json\/wp\/v2\/media?parent=257297"}],"wp:term":[{"taxonomy":"product_brand","embeddable":true,"href":"https:\/\/megacase.com\/fr\/wp-json\/wp\/v2\/product_brand?post=257297"},{"taxonomy":"product_cat","embeddable":true,"href":"https:\/\/megacase.com\/fr\/wp-json\/wp\/v2\/product_cat?post=257297"},{"taxonomy":"product_tag","embeddable":true,"href":"https:\/\/megacase.com\/fr\/wp-json\/wp\/v2\/product_tag?post=257297"}],"curies":[{"name":"wp","href":"https:\/\/api.w.org\/{rel}","templated":true}]}}