{"id":257161,"date":"2024-03-04T14:54:34","date_gmt":"2024-03-04T13:54:34","guid":{"rendered":"https:\/\/megacase.com\/product\/flightcase-eurolite-led-pmb-4-cob-qcl-30w\/"},"modified":"2026-03-26T13:40:00","modified_gmt":"2026-03-26T12:40:00","slug":"flightcase-eurolite-led-pmb-4-cob-qcl-30w","status":"publish","type":"product","link":"https:\/\/megacase.com\/fr\/produit\/flightcase-eurolite-led-pmb-4-cob-qcl-30w\/","title":{"rendered":"Flightcase Eurolite LED PMB-4 COB QCL 30W"},"content":{"rendered":"<p>Coffret assorti pour 4 barres Eurolite LED PMB-4 COB QCL 30W<br \/>\nen r\u00e9sine ph\u00e9nolique multiplex de 6,8 mm rev\u00eatue<br \/>\nCouleur marron<br \/>\nBord en aluminium 30 x 30 mm<br \/>\n4 fermoirs papillon moyen<br \/>\n4 poign\u00e9es pliantes moyennes<br \/>\n8 coins boule moyen<br \/>\n4 roulettes pivotantes dont 2 avec frein<br \/>\nCompartiment \u00e0 accessoires de 150 cm de large \u00e0 droite<br \/>\nFabriqu\u00e9 en Allemagne<br \/>\nDimensions ext\u00e9rieures LxPxH : environ 975 x 565 x 495 mm<br \/>\nPoids : environ 23 kg<\/p>\n","protected":false},"excerpt":{"rendered":"<p>Coffret assorti pour 4 barres Eurolite LED PMB-4 COB QCL 30W en r\u00e9sine ph\u00e9nolique multiplex de 6,8 mm rev\u00eatue Couleur<\/p>\n","protected":false},"featured_media":257158,"template":"","meta":{"_acf_changed":false},"product_brand":[],"product_cat":[16329],"product_tag":[],"class_list":{"0":"post-257161","1":"product","2":"type-product","3":"status-publish","4":"has-post-thumbnail","6":"product_cat-cases-fuer-lichtequipment-fr","8":"first","9":"instock","10":"taxable","11":"shipping-taxable","12":"purchasable","13":"product-type-simple"},"acf":[],"_links":{"self":[{"href":"https:\/\/megacase.com\/fr\/wp-json\/wp\/v2\/product\/257161","targetHints":{"allow":["GET"]}}],"collection":[{"href":"https:\/\/megacase.com\/fr\/wp-json\/wp\/v2\/product"}],"about":[{"href":"https:\/\/megacase.com\/fr\/wp-json\/wp\/v2\/types\/product"}],"wp:featuredmedia":[{"embeddable":true,"href":"https:\/\/megacase.com\/fr\/wp-json\/wp\/v2\/media\/257158"}],"wp:attachment":[{"href":"https:\/\/megacase.com\/fr\/wp-json\/wp\/v2\/media?parent=257161"}],"wp:term":[{"taxonomy":"product_brand","embeddable":true,"href":"https:\/\/megacase.com\/fr\/wp-json\/wp\/v2\/product_brand?post=257161"},{"taxonomy":"product_cat","embeddable":true,"href":"https:\/\/megacase.com\/fr\/wp-json\/wp\/v2\/product_cat?post=257161"},{"taxonomy":"product_tag","embeddable":true,"href":"https:\/\/megacase.com\/fr\/wp-json\/wp\/v2\/product_tag?post=257161"}],"curies":[{"name":"wp","href":"https:\/\/api.w.org\/{rel}","templated":true}]}}