{"id":257021,"date":"2024-03-04T14:38:27","date_gmt":"2024-03-04T13:38:27","guid":{"rendered":"https:\/\/megacase.com\/product\/flightcase-antari-m-5-fog\/"},"modified":"2026-03-26T13:40:01","modified_gmt":"2026-03-26T12:40:01","slug":"flightcase-antari-m-5-fog","status":"publish","type":"product","link":"https:\/\/megacase.com\/fr\/produit\/flightcase-antari-m-5-fog\/","title":{"rendered":"Flightcase Antari M-5 Fog"},"content":{"rendered":"<p>Housse de capot assortie pour un Antari M-5 Stager Fogger<br \/>\nen r\u00e9sine ph\u00e9nolique multiplex de 6,8 mm rev\u00eatue<br \/>\nCouleur marron<br \/>\nBord en aluminium 30 x 30 mm<br \/>\n4 fermoirs papillon moyen<br \/>\n8 coins boule moyen<br \/>\n4 pieds en caoutchouc 38 x 20 mm<br \/>\nrembourrage en mousse<br \/>\n6 cm d&rsquo;espace pour les c\u00e2bles<br \/>\nDimensions ext\u00e9rieures LxPxH : environ 794 x 382 x 335 mm<br \/>\nPoids : environ 9,5 kg<br \/>\nFabriqu\u00e9 en Allemagne<\/p>\n","protected":false},"excerpt":{"rendered":"<p>Housse de capot assortie pour un Antari M-5 Stager Fogger en r\u00e9sine ph\u00e9nolique multiplex de 6,8 mm rev\u00eatue Couleur marron<\/p>\n","protected":false},"featured_media":257006,"template":"","meta":{"_acf_changed":false},"product_brand":[],"product_cat":[16355],"product_tag":[],"class_list":{"0":"post-257021","1":"product","2":"type-product","3":"status-publish","4":"has-post-thumbnail","6":"product_cat-cases-fuer-nebelmaschine-fr","8":"first","9":"instock","10":"taxable","11":"shipping-taxable","12":"purchasable","13":"product-type-simple"},"acf":[],"_links":{"self":[{"href":"https:\/\/megacase.com\/fr\/wp-json\/wp\/v2\/product\/257021","targetHints":{"allow":["GET"]}}],"collection":[{"href":"https:\/\/megacase.com\/fr\/wp-json\/wp\/v2\/product"}],"about":[{"href":"https:\/\/megacase.com\/fr\/wp-json\/wp\/v2\/types\/product"}],"wp:featuredmedia":[{"embeddable":true,"href":"https:\/\/megacase.com\/fr\/wp-json\/wp\/v2\/media\/257006"}],"wp:attachment":[{"href":"https:\/\/megacase.com\/fr\/wp-json\/wp\/v2\/media?parent=257021"}],"wp:term":[{"taxonomy":"product_brand","embeddable":true,"href":"https:\/\/megacase.com\/fr\/wp-json\/wp\/v2\/product_brand?post=257021"},{"taxonomy":"product_cat","embeddable":true,"href":"https:\/\/megacase.com\/fr\/wp-json\/wp\/v2\/product_cat?post=257021"},{"taxonomy":"product_tag","embeddable":true,"href":"https:\/\/megacase.com\/fr\/wp-json\/wp\/v2\/product_tag?post=257021"}],"curies":[{"name":"wp","href":"https:\/\/api.w.org\/{rel}","templated":true}]}}