{"id":256973,"date":"2024-03-04T14:33:22","date_gmt":"2024-03-04T13:33:22","guid":{"rendered":"https:\/\/megacase.com\/product\/flip-down-case-ah-dlive-c1500-flex\/"},"modified":"2026-03-26T13:40:02","modified_gmt":"2026-03-26T12:40:02","slug":"flip-down-case-ah-dlive-c1500-flex","status":"publish","type":"product","link":"https:\/\/megacase.com\/fr\/produit\/flip-down-case-ah-dlive-c1500-flex\/","title":{"rendered":"Flip-Down Case A&#038;H dLive C1500 Flex"},"content":{"rendered":"<p>Heav Flipcase sur roulettes pour table de mixage A&#038;H dLive C1500 avec cassette de mixage amovible<br \/>\nen multiplex de 9 mm rev\u00eatu de pvc<br \/>\ncouleur noire RAL 9004<br \/>\n4 grandes fermetures Butterfly<br \/>\n8 poign\u00e9es rabattables heavy<br \/>\n2 poign\u00e9es encastr\u00e9es dans les chants<br \/>\n8 coins \u00e0 billes grands<br \/>\n3 charni\u00e8res angulaires<br \/>\n1 fermeture \u00e0 verrou pour compartiments d&rsquo;accessoires<br \/>\n4 charni\u00e8res \u00e0 visser<br \/>\n4 roues pivotantes 100 mm dont 2 avec frein<br \/>\nRembourrage en mousse<br \/>\n2 x c\u00f4t\u00e9s adapt\u00e9s pour A&#038;H dLive C3500<br \/>\nVis de s\u00e9curit\u00e9<br \/>\nPassage de c\u00e2bles dans le dockhouse<br \/>\n2 v\u00e9rins \u00e0 gaz<br \/>\n4 fermetures du dockhouse dont 1 verrouillable<br \/>\n4 pieds en caoutchouc 38&#215;20 mm<br \/>\n2 compartiments pour accessoires<br \/>\n1 tube adaptateur pour bras de moniteur<br \/>\nDimensions ext\u00e9rieures LxPxH 745x525x1080 mm<br \/>\npoids : 60 kg<br \/>\nFabriqu\u00e9 en Allemagne<br \/>\nDimensions ext\u00e9rieures LxPxH env. : 1145 x 565 x 1065 mm<br \/>\nPoids env. 91,8 kg<\/p>\n","protected":false},"excerpt":{"rendered":"<p>Heav Flipcase sur roulettes pour table de mixage A&#038;H dLive C1500 avec cassette de mixage amovible en multiplex de 9<\/p>\n","protected":false},"featured_media":256966,"template":"","meta":{"_acf_changed":false},"product_brand":[],"product_cat":[13828],"product_tag":[],"class_list":{"0":"post-256973","1":"product","2":"type-product","3":"status-publish","4":"has-post-thumbnail","6":"product_cat-mischpult-cases-fr","8":"first","9":"instock","10":"taxable","11":"shipping-taxable","12":"purchasable","13":"product-type-simple"},"acf":[],"_links":{"self":[{"href":"https:\/\/megacase.com\/fr\/wp-json\/wp\/v2\/product\/256973","targetHints":{"allow":["GET"]}}],"collection":[{"href":"https:\/\/megacase.com\/fr\/wp-json\/wp\/v2\/product"}],"about":[{"href":"https:\/\/megacase.com\/fr\/wp-json\/wp\/v2\/types\/product"}],"wp:featuredmedia":[{"embeddable":true,"href":"https:\/\/megacase.com\/fr\/wp-json\/wp\/v2\/media\/256966"}],"wp:attachment":[{"href":"https:\/\/megacase.com\/fr\/wp-json\/wp\/v2\/media?parent=256973"}],"wp:term":[{"taxonomy":"product_brand","embeddable":true,"href":"https:\/\/megacase.com\/fr\/wp-json\/wp\/v2\/product_brand?post=256973"},{"taxonomy":"product_cat","embeddable":true,"href":"https:\/\/megacase.com\/fr\/wp-json\/wp\/v2\/product_cat?post=256973"},{"taxonomy":"product_tag","embeddable":true,"href":"https:\/\/megacase.com\/fr\/wp-json\/wp\/v2\/product_tag?post=256973"}],"curies":[{"name":"wp","href":"https:\/\/api.w.org\/{rel}","templated":true}]}}