{"id":256837,"date":"2024-03-04T14:24:19","date_gmt":"2024-03-04T13:24:19","guid":{"rendered":"https:\/\/megacase.com\/product\/triple-door-10u-45-ra-wheel\/"},"modified":"2026-03-26T13:40:03","modified_gmt":"2026-03-26T12:40:03","slug":"triple-door-10u-45-ra-wheel","status":"publish","type":"product","link":"https:\/\/megacase.com\/fr\/produit\/triple-door-10u-45-ra-wheel\/","title":{"rendered":"Triple Door 10U 45 RA + wheel"},"content":{"rendered":"<p>Hauteur utile 10U<br \/>\nProfondeur utile 45 cm<br \/>\n3 couvercles<br \/>\nMultiplex\u00e9 6,8 mm<br \/>\nCouleur r\u00e9sine ph\u00e9nolique enduite marron<br \/>\nBordure en aluminium 25&#215;25 mm<br \/>\n6 fermoirs papillon \u00e0 ressort<br \/>\n4 poign\u00e9es rabattables<br \/>\nRails de rack avant et arri\u00e8re 10 U<br \/>\nRail sup\u00e9rieur rack 10 U avec passepoil caoutchouc<br \/>\nVoyageur debout 19&Prime; sur le dessus<br \/>\navec jeu de vis<br \/>\nCoins \u00e0 billes en acier<br \/>\nRoues bleues de 100 mm &#8211; dont 2 avec freins<br \/>\nPlanche \u00e0 roulettes<br \/>\nFabriqu\u00e9 en Allemagne<br \/>\nDimensions ext\u00e9rieures environ 550x635x705 mm LxPxH, roues comprises<br \/>\nPoids environ 24,5 kg<\/p>\n","protected":false},"excerpt":{"rendered":"<p>Hauteur utile 10U Profondeur utile 45 cm 3 couvercles Multiplex\u00e9 6,8 mm Couleur r\u00e9sine ph\u00e9nolique enduite marron Bordure en aluminium<\/p>\n","protected":false},"featured_media":257552,"template":"","meta":{"_acf_changed":false},"product_brand":[],"product_cat":[13593],"product_tag":[],"class_list":{"0":"post-256837","1":"product","2":"type-product","3":"status-publish","4":"has-post-thumbnail","6":"product_cat-racks-fr","8":"first","9":"instock","10":"taxable","11":"shipping-taxable","12":"purchasable","13":"product-type-simple"},"acf":[],"_links":{"self":[{"href":"https:\/\/megacase.com\/fr\/wp-json\/wp\/v2\/product\/256837","targetHints":{"allow":["GET"]}}],"collection":[{"href":"https:\/\/megacase.com\/fr\/wp-json\/wp\/v2\/product"}],"about":[{"href":"https:\/\/megacase.com\/fr\/wp-json\/wp\/v2\/types\/product"}],"wp:featuredmedia":[{"embeddable":true,"href":"https:\/\/megacase.com\/fr\/wp-json\/wp\/v2\/media\/257552"}],"wp:attachment":[{"href":"https:\/\/megacase.com\/fr\/wp-json\/wp\/v2\/media?parent=256837"}],"wp:term":[{"taxonomy":"product_brand","embeddable":true,"href":"https:\/\/megacase.com\/fr\/wp-json\/wp\/v2\/product_brand?post=256837"},{"taxonomy":"product_cat","embeddable":true,"href":"https:\/\/megacase.com\/fr\/wp-json\/wp\/v2\/product_cat?post=256837"},{"taxonomy":"product_tag","embeddable":true,"href":"https:\/\/megacase.com\/fr\/wp-json\/wp\/v2\/product_tag?post=256837"}],"curies":[{"name":"wp","href":"https:\/\/api.w.org\/{rel}","templated":true}]}}