{"id":256832,"date":"2024-03-04T14:15:53","date_gmt":"2024-03-04T13:15:53","guid":{"rendered":"https:\/\/megacase.com\/product\/flip-down-case-digico-quantum-225\/"},"modified":"2026-03-26T13:40:03","modified_gmt":"2026-03-26T12:40:03","slug":"flip-down-case-digico-quantum-225","status":"publish","type":"product","link":"https:\/\/megacase.com\/fr\/produit\/flip-down-case-digico-quantum-225\/","title":{"rendered":"Flip-Down Case DigiCo Quantum 225"},"content":{"rendered":"<p>\u00c9tui \u00e0 rabat assorti pour un m\u00e9langeur DigiCo Quantum 225<br \/>\nen PVC multiplex de 9 mm enduit<br \/>\nLa couleur noire<br \/>\nChant en aluminium 35&#215;35 mm<br \/>\n8 grands fermoirs papillon<br \/>\n12 poign\u00e9e pliante grande<br \/>\n14 L coins grands<br \/>\nPoign\u00e9es int\u00e9gr\u00e9es \u00e0 4 bords,<br \/>\n8 balles corner grand,<br \/>\ncharni\u00e8res<br \/>\n2 fermetures \u00e0 loquet<br \/>\n4 charni\u00e8res \u00e0 vis argent<br \/>\n4 roulettes pivotantes 100 mm dont 2 avec frein<br \/>\nrembourrage en mousse<br \/>\nRembourrage en mousse enti\u00e8rement noir<br \/>\n2 flancs adapt\u00e9s pour Yamaha Rivage CS-R3<br \/>\nvis de blocage<br \/>\n2 ressorts \u00e0 gaz<br \/>\nFabriqu\u00e9 en Allemagne<br \/>\nDimensions ext\u00e9rieures LxPxH environ : 1390 x 670 x 1235 mm<br \/>\nPoids approximatif : 138,3 kg<\/p>\n","protected":false},"excerpt":{"rendered":"<p>\u00c9tui \u00e0 rabat assorti pour un m\u00e9langeur DigiCo Quantum 225 en PVC multiplex de 9 mm enduit La couleur noire<\/p>\n","protected":false},"featured_media":256801,"template":"","meta":{"_acf_changed":false},"product_brand":[],"product_cat":[13828],"product_tag":[],"class_list":{"0":"post-256832","1":"product","2":"type-product","3":"status-publish","4":"has-post-thumbnail","6":"product_cat-mischpult-cases-fr","8":"first","9":"instock","10":"taxable","11":"shipping-taxable","12":"purchasable","13":"product-type-simple"},"acf":[],"_links":{"self":[{"href":"https:\/\/megacase.com\/fr\/wp-json\/wp\/v2\/product\/256832","targetHints":{"allow":["GET"]}}],"collection":[{"href":"https:\/\/megacase.com\/fr\/wp-json\/wp\/v2\/product"}],"about":[{"href":"https:\/\/megacase.com\/fr\/wp-json\/wp\/v2\/types\/product"}],"wp:featuredmedia":[{"embeddable":true,"href":"https:\/\/megacase.com\/fr\/wp-json\/wp\/v2\/media\/256801"}],"wp:attachment":[{"href":"https:\/\/megacase.com\/fr\/wp-json\/wp\/v2\/media?parent=256832"}],"wp:term":[{"taxonomy":"product_brand","embeddable":true,"href":"https:\/\/megacase.com\/fr\/wp-json\/wp\/v2\/product_brand?post=256832"},{"taxonomy":"product_cat","embeddable":true,"href":"https:\/\/megacase.com\/fr\/wp-json\/wp\/v2\/product_cat?post=256832"},{"taxonomy":"product_tag","embeddable":true,"href":"https:\/\/megacase.com\/fr\/wp-json\/wp\/v2\/product_tag?post=256832"}],"curies":[{"name":"wp","href":"https:\/\/api.w.org\/{rel}","templated":true}]}}