{"id":256668,"date":"2024-03-04T14:06:30","date_gmt":"2024-03-04T13:06:30","guid":{"rendered":"https:\/\/megacase.com\/product\/case-blackstar-studio-10-6l6\/"},"modified":"2026-03-26T13:40:04","modified_gmt":"2026-03-26T12:40:04","slug":"case-blackstar-studio-10-6l6","status":"publish","type":"product","link":"https:\/\/megacase.com\/fr\/produit\/case-blackstar-studio-10-6l6\/","title":{"rendered":"Case Blackstar Studio 10 6L6"},"content":{"rendered":"<p>Housse de capot assortie pour Blackstar Studio 10 6L6<br \/>\nen r\u00e9sine ph\u00e9nolique multiplex de 6,8 mm rev\u00eatue<br \/>\nBord en aluminium de 30 x 30 mm<br \/>\n2 fermoirs papillon grands<br \/>\n2 poign\u00e9es pliantes moyennes<br \/>\n8 coins sph\u00e9riques en acier moyen<br \/>\n8 coins en L<br \/>\nRembourrage en mousse de 10 mm<br \/>\nFabriqu\u00e9 en Allemagne<br \/>\nDimensions ext\u00e9rieures LxPxH : environ 540 x 315 x 485 mm<br \/>\nPoids : environ 8,7 kg<\/p>\n","protected":false},"excerpt":{"rendered":"<p>Housse de capot assortie pour Blackstar Studio 10 6L6 en r\u00e9sine ph\u00e9nolique multiplex de 6,8 mm rev\u00eatue Bord en aluminium<\/p>\n","protected":false},"featured_media":256665,"template":"","meta":{"_acf_changed":false},"product_brand":[],"product_cat":[16364],"product_tag":[],"class_list":{"0":"post-256668","1":"product","2":"type-product","3":"status-publish","4":"has-post-thumbnail","6":"product_cat-cases-fuer-gitarre-und-bass-fr","8":"first","9":"instock","10":"taxable","11":"shipping-taxable","12":"purchasable","13":"product-type-simple"},"acf":[],"_links":{"self":[{"href":"https:\/\/megacase.com\/fr\/wp-json\/wp\/v2\/product\/256668","targetHints":{"allow":["GET"]}}],"collection":[{"href":"https:\/\/megacase.com\/fr\/wp-json\/wp\/v2\/product"}],"about":[{"href":"https:\/\/megacase.com\/fr\/wp-json\/wp\/v2\/types\/product"}],"wp:featuredmedia":[{"embeddable":true,"href":"https:\/\/megacase.com\/fr\/wp-json\/wp\/v2\/media\/256665"}],"wp:attachment":[{"href":"https:\/\/megacase.com\/fr\/wp-json\/wp\/v2\/media?parent=256668"}],"wp:term":[{"taxonomy":"product_brand","embeddable":true,"href":"https:\/\/megacase.com\/fr\/wp-json\/wp\/v2\/product_brand?post=256668"},{"taxonomy":"product_cat","embeddable":true,"href":"https:\/\/megacase.com\/fr\/wp-json\/wp\/v2\/product_cat?post=256668"},{"taxonomy":"product_tag","embeddable":true,"href":"https:\/\/megacase.com\/fr\/wp-json\/wp\/v2\/product_tag?post=256668"}],"curies":[{"name":"wp","href":"https:\/\/api.w.org\/{rel}","templated":true}]}}