{"id":256449,"date":"2024-02-28T16:06:37","date_gmt":"2024-02-28T15:06:37","guid":{"rendered":"https:\/\/megacase.com\/product\/flightcase-4x-db-xsl8-wheel\/"},"modified":"2026-03-26T13:40:05","modified_gmt":"2026-03-26T12:40:05","slug":"flightcase-4x-db-xsl8-wheel","status":"publish","type":"product","link":"https:\/\/megacase.com\/fr\/produit\/flightcase-4x-db-xsl8-wheel\/","title":{"rendered":"Flightcase 4x d&#038;b XSL8 + wheel"},"content":{"rendered":"<p>Housse assortie avec couvercle divis\u00e9 pour 4 d&#038;b XSL 8 \/ 12<br \/>\nen PVC multiplex de 9 mm enduit<br \/>\nLa couleur noire<br \/>\nBord en aluminium 35 x 35 mm avec rainure de rivet<br \/>\n8 grands fermoirs papillon<br \/>\n8 grandes poign\u00e9es rabattables<br \/>\n8 grands coins boule \u00e9tag\u00e9s<br \/>\n\u00c9tiquette de tour de coque int\u00e9gr\u00e9e<br \/>\n8 L coins grands<br \/>\n4 roulettes pivotantes de 100 mm dont 2 avec frein<br \/>\ndesign d&rsquo;int\u00e9rieur<br \/>\nrembourrage en mousse<br \/>\nFabriqu\u00e9 en Allemagne<br \/>\nDimensions ext\u00e9rieures LxPxH : environ 8805 x 805 x 1395 mm<\/p>\n","protected":false},"excerpt":{"rendered":"<p>Housse assortie avec couvercle divis\u00e9 pour 4 d&#038;b XSL 8 \/ 12 en PVC multiplex de 9 mm enduit La<\/p>\n","protected":false},"featured_media":256438,"template":"","meta":{"_acf_changed":false},"product_brand":[],"product_cat":[16320],"product_tag":[],"class_list":{"0":"post-256449","1":"product","2":"type-product","3":"status-publish","4":"has-post-thumbnail","6":"product_cat-audio-cases-fr","8":"first","9":"instock","10":"taxable","11":"shipping-taxable","12":"purchasable","13":"product-type-simple"},"acf":[],"_links":{"self":[{"href":"https:\/\/megacase.com\/fr\/wp-json\/wp\/v2\/product\/256449","targetHints":{"allow":["GET"]}}],"collection":[{"href":"https:\/\/megacase.com\/fr\/wp-json\/wp\/v2\/product"}],"about":[{"href":"https:\/\/megacase.com\/fr\/wp-json\/wp\/v2\/types\/product"}],"wp:featuredmedia":[{"embeddable":true,"href":"https:\/\/megacase.com\/fr\/wp-json\/wp\/v2\/media\/256438"}],"wp:attachment":[{"href":"https:\/\/megacase.com\/fr\/wp-json\/wp\/v2\/media?parent=256449"}],"wp:term":[{"taxonomy":"product_brand","embeddable":true,"href":"https:\/\/megacase.com\/fr\/wp-json\/wp\/v2\/product_brand?post=256449"},{"taxonomy":"product_cat","embeddable":true,"href":"https:\/\/megacase.com\/fr\/wp-json\/wp\/v2\/product_cat?post=256449"},{"taxonomy":"product_tag","embeddable":true,"href":"https:\/\/megacase.com\/fr\/wp-json\/wp\/v2\/product_tag?post=256449"}],"curies":[{"name":"wp","href":"https:\/\/api.w.org\/{rel}","templated":true}]}}