{"id":256369,"date":"2024-02-28T16:01:21","date_gmt":"2024-02-28T15:01:21","guid":{"rendered":"https:\/\/megacase.com\/product\/heavy-flip-down-case-yamaha-pm5\/"},"modified":"2026-03-26T13:40:05","modified_gmt":"2026-03-26T12:40:05","slug":"heavy-flip-down-case-yamaha-pm5","status":"publish","type":"product","link":"https:\/\/megacase.com\/fr\/produit\/heavy-flip-down-case-yamaha-pm5\/","title":{"rendered":"Heavy Flip-Down Case Yamaha PM5"},"content":{"rendered":"<p>\u00c9tui \u00e0 rabat assorti pour une table de mixage Yamaha Rivage CS-R5<br \/>\nen PVC multiplex de 9 mm recouvert<br \/>\nLa couleur noire<br \/>\nBordure en aluminium 35&#215;35 mm<br \/>\n8 grands fermoirs papillon<br \/>\n12 poign\u00e9es pliantes grandes<br \/>\n10 coins en L<br \/>\n4 poign\u00e9es d&rsquo;installation de bord,<br \/>\n8 coins de boule grands,<br \/>\nCharni\u00e8res<br \/>\n4 roulettes pivotantes 100 mm dont 2 avec frein<br \/>\nRembourrage en mousse<br \/>\nRembourrage en mousse enti\u00e8rement noir<br \/>\n2 panneaux lat\u00e9raux adapt\u00e9s \u00e0 Yamaha Rivage CS-R5<br \/>\nVis de verrouillage<br \/>\nRessorts \u00e0 gaz<br \/>\nFabriqu\u00e9 en Allemagne<br \/>\nDimensions ext\u00e9rieures LxPxH : environ 1670 x 610 x 1278 mm<br \/>\nPoids environ 120,7 kg<\/p>\n","protected":false},"excerpt":{"rendered":"<p>\u00c9tui \u00e0 rabat assorti pour une table de mixage Yamaha Rivage CS-R5 en PVC multiplex de 9 mm recouvert La<\/p>\n","protected":false},"featured_media":256350,"template":"","meta":{"_acf_changed":false},"product_brand":[],"product_cat":[13828],"product_tag":[],"class_list":{"0":"post-256369","1":"product","2":"type-product","3":"status-publish","4":"has-post-thumbnail","6":"product_cat-mischpult-cases-fr","8":"first","9":"instock","10":"taxable","11":"shipping-taxable","12":"purchasable","13":"product-type-simple"},"acf":[],"_links":{"self":[{"href":"https:\/\/megacase.com\/fr\/wp-json\/wp\/v2\/product\/256369","targetHints":{"allow":["GET"]}}],"collection":[{"href":"https:\/\/megacase.com\/fr\/wp-json\/wp\/v2\/product"}],"about":[{"href":"https:\/\/megacase.com\/fr\/wp-json\/wp\/v2\/types\/product"}],"wp:featuredmedia":[{"embeddable":true,"href":"https:\/\/megacase.com\/fr\/wp-json\/wp\/v2\/media\/256350"}],"wp:attachment":[{"href":"https:\/\/megacase.com\/fr\/wp-json\/wp\/v2\/media?parent=256369"}],"wp:term":[{"taxonomy":"product_brand","embeddable":true,"href":"https:\/\/megacase.com\/fr\/wp-json\/wp\/v2\/product_brand?post=256369"},{"taxonomy":"product_cat","embeddable":true,"href":"https:\/\/megacase.com\/fr\/wp-json\/wp\/v2\/product_cat?post=256369"},{"taxonomy":"product_tag","embeddable":true,"href":"https:\/\/megacase.com\/fr\/wp-json\/wp\/v2\/product_tag?post=256369"}],"curies":[{"name":"wp","href":"https:\/\/api.w.org\/{rel}","templated":true}]}}