{"id":256249,"date":"2024-02-28T15:54:47","date_gmt":"2024-02-28T14:54:47","guid":{"rendered":"https:\/\/megacase.com\/product\/pedalcase-kemper-profile-stage-line6-relay-g50\/"},"modified":"2026-03-26T13:40:06","modified_gmt":"2026-03-26T12:40:06","slug":"pedalcase-kemper-profile-stage-line6-relay-g50","status":"publish","type":"product","link":"https:\/\/megacase.com\/fr\/produit\/pedalcase-kemper-profile-stage-line6-relay-g50\/","title":{"rendered":"Pedalcase Kemper Profile Stage + Line6 Relay G50"},"content":{"rendered":"<p>Bo\u00eetier de capot assorti pour une sc\u00e8ne Kemper Profile comprenant le syst\u00e8me radio Line6 Relay G50<br \/>\nRev\u00eatement ph\u00e9nolique multiplex de 6,8 mm<br \/>\nCouleur marron<br \/>\nBord en aluminium de 22 x 22 mm<br \/>\n4 petits fermoirs papillon<br \/>\n1 poign\u00e9e en cuir<br \/>\n8 petits coins boules<br \/>\n4 pieds en caoutchouc 38 x 10 mm<br \/>\nRembourrage en mousse avec incrustation assortie<br \/>\nDimensions ext\u00e9rieures LxPxH 808x388x145 mm<br \/>\nPoids : 6,5 kg<br \/>\nFabriqu\u00e9 en Allemagne<\/p>\n","protected":false},"excerpt":{"rendered":"<p>Bo\u00eetier de capot assorti pour une sc\u00e8ne Kemper Profile comprenant le syst\u00e8me radio Line6 Relay G50 Rev\u00eatement ph\u00e9nolique multiplex de<\/p>\n","protected":false},"featured_media":256225,"template":"","meta":{"_acf_changed":false},"product_brand":[],"product_cat":[16365],"product_tag":[],"class_list":{"0":"post-256249","1":"product","2":"type-product","3":"status-publish","4":"has-post-thumbnail","6":"product_cat-pedalcase-fr","8":"first","9":"instock","10":"taxable","11":"shipping-taxable","12":"purchasable","13":"product-type-simple"},"acf":[],"_links":{"self":[{"href":"https:\/\/megacase.com\/fr\/wp-json\/wp\/v2\/product\/256249","targetHints":{"allow":["GET"]}}],"collection":[{"href":"https:\/\/megacase.com\/fr\/wp-json\/wp\/v2\/product"}],"about":[{"href":"https:\/\/megacase.com\/fr\/wp-json\/wp\/v2\/types\/product"}],"wp:featuredmedia":[{"embeddable":true,"href":"https:\/\/megacase.com\/fr\/wp-json\/wp\/v2\/media\/256225"}],"wp:attachment":[{"href":"https:\/\/megacase.com\/fr\/wp-json\/wp\/v2\/media?parent=256249"}],"wp:term":[{"taxonomy":"product_brand","embeddable":true,"href":"https:\/\/megacase.com\/fr\/wp-json\/wp\/v2\/product_brand?post=256249"},{"taxonomy":"product_cat","embeddable":true,"href":"https:\/\/megacase.com\/fr\/wp-json\/wp\/v2\/product_cat?post=256249"},{"taxonomy":"product_tag","embeddable":true,"href":"https:\/\/megacase.com\/fr\/wp-json\/wp\/v2\/product_tag?post=256249"}],"curies":[{"name":"wp","href":"https:\/\/api.w.org\/{rel}","templated":true}]}}